{"id":31,"date":"2025-06-06T11:34:11","date_gmt":"2025-06-06T09:34:11","guid":{"rendered":"https:\/\/kvk.newsite.side-walk.dk\/?page_id=31"},"modified":"2025-07-02T08:45:19","modified_gmt":"2025-07-02T06:45:19","slug":"toemrerydelser","status":"publish","type":"page","link":"https:\/\/kvk.newsite.side-walk.dk\/?page_id=31","title":{"rendered":"T\u00f8mrerydelser"},"content":{"rendered":"\t\t<div data-elementor-type=\"wp-page\" data-elementor-id=\"31\" class=\"elementor elementor-31\" data-elementor-post-type=\"page\">\n\t\t\t\t<div class=\"elementor-element elementor-element-f1798fb e-flex e-con-boxed e-con e-parent\" data-id=\"f1798fb\" data-element_type=\"container\" data-settings=\"{&quot;background_background&quot;:&quot;classic&quot;}\">\n\t\t\t\t\t<div class=\"e-con-inner\">\n\t\t<div class=\"elementor-element elementor-element-4eaa887 e-con-full e-flex e-con e-child\" data-id=\"4eaa887\" data-element_type=\"container\">\n\t\t\t\t<div class=\"elementor-element elementor-element-3f70fb6 elementor-widget elementor-widget-heading\" data-id=\"3f70fb6\" data-element_type=\"widget\" data-widget_type=\"heading.default\">\n\t\t\t\t<div class=\"elementor-widget-container\">\n\t\t\t\t\t<h1 class=\"elementor-heading-title elementor-size-default\">Vi tager imod<br>\n<span style=\"color:#F1AD44\">alle opgaver<\/span> inden <br>\nfor t\u00f8mrerfaget<\/h1>\t\t\t\t<\/div>\n\t\t\t\t<\/div>\n\t\t\t\t<div class=\"elementor-element elementor-element-d6ff1a9 elementor-widget elementor-widget-text-editor\" data-id=\"d6ff1a9\" data-element_type=\"widget\" data-widget_type=\"text-editor.default\">\n\t\t\t\t<div class=\"elementor-widget-container\">\n\t\t\t\t\t\t\t\t\t<div class=\"subpage-top-left col-lg-6 col-12\"><div id=\"c20\" class=\"frame frame-default frame-type-text frame-layout-0 frame-background-none frame-no-backgroundimage frame-space-before-none frame-space-after-none\"><div class=\"frame-container\"><div class=\"frame-inner\"><p>KVK Byg og Anl\u00e6g er t\u00f8mrer i Slagelse og tager imod alle opgaver indenfor<\/p><p>t\u00f8mrerfaget. Vi udf\u00f8rer naturligvis opgaver som del- eller totalentrepriser.<\/p><\/div><\/div><\/div><\/div>\t\t\t\t\t\t\t\t<\/div>\n\t\t\t\t<\/div>\n\t\t\t\t<\/div>\n\t\t\t\t\t<\/div>\n\t\t\t\t<\/div>\n\t\t<div class=\"elementor-element elementor-element-e29eb34 e-flex e-con-boxed e-con e-parent\" data-id=\"e29eb34\" data-element_type=\"container\">\n\t\t\t\t\t<div class=\"e-con-inner\">\n\t\t\t\t<div class=\"elementor-element elementor-element-ef099ae elementor-widget elementor-widget-heading\" data-id=\"ef099ae\" data-element_type=\"widget\" data-widget_type=\"heading.default\">\n\t\t\t\t<div class=\"elementor-widget-container\">\n\t\t\t\t\t<h2 class=\"elementor-heading-title elementor-size-default\">T\u00f8mrermester med mange \u00e5rs erfaring og en st\u00e6rk faglighed\n<\/h2>\t\t\t\t<\/div>\n\t\t\t\t<\/div>\n\t\t\t\t<div class=\"elementor-element elementor-element-2201883 elementor-widget elementor-widget-text-editor\" data-id=\"2201883\" data-element_type=\"widget\" data-widget_type=\"text-editor.default\">\n\t\t\t\t<div class=\"elementor-widget-container\">\n\t\t\t\t\t\t\t\t\t<p>KVK Byg og Anl\u00e6g ApS tager imod alle udfordringer inden for t\u00f8mrerfaget!<\/p><p>Vi udf\u00f8rer naturligvis opgaver som del- eller totalentrepriser, og vi l\u00e6gger s\u00e6rlig v\u00e6gt p\u00e5 h\u00f8j kvalitet samt at overholde foreskrevne regler og bygningsreglementet til punkt og prikke.<\/p><p>Nybygninger, tilbygninger, ombygninger, gulvarbejde, d\u00f8re, vinduer, garager, carporte og forsikringsskader.<\/p>\t\t\t\t\t\t\t\t<\/div>\n\t\t\t\t<\/div>\n\t\t\t\t\t<\/div>\n\t\t\t\t<\/div>\n\t\t\t\t<\/div>\n\t\t","protected":false},"excerpt":{"rendered":"<p>Vi tager imod alle opgaver inden for t\u00f8mrerfaget KVK Byg og Anl\u00e6g er t\u00f8mrer i Slagelse og tager imod alle opgaver indenfor t\u00f8mrerfaget. Vi udf\u00f8rer naturligvis opgaver som del- eller totalentrepriser. T\u00f8mrermester med mange \u00e5rs erfaring og en st\u00e6rk faglighed KVK Byg og Anl\u00e6g ApS tager imod alle udfordringer inden for t\u00f8mrerfaget! Vi udf\u00f8rer naturligvis [&hellip;]<\/p>\n","protected":false},"author":1,"featured_media":0,"parent":0,"menu_order":0,"comment_status":"closed","ping_status":"closed","template":"elementor_header_footer","meta":{"_acf_changed":false,"footnotes":""},"class_list":["post-31","page","type-page","status-publish","hentry"],"acf":[],"yoast_head":"<!-- This site is optimized with the Yoast SEO plugin v25.4 - https:\/\/yoast.com\/wordpress\/plugins\/seo\/ -->\n<title>T\u00f8mrerydelser i Slagelse | Se vores mange ydelser p\u00e5 t\u00f8mrerarbejde - KVKbyg.dk<\/title>\n<meta name=\"description\" content=\"KVK Byg og Anl\u00e6g er t\u00f8mrer i Slagelse og tager imod alle opgaver indenfor t\u00f8mrerfaget. Vi udf\u00f8rer naturligvis opgaver som del- eller totalentrepriser.\" \/>\n<meta name=\"robots\" content=\"noindex, follow, max-snippet:-1, max-image-preview:large, max-video-preview:-1\" \/>\n<meta property=\"og:locale\" content=\"da_DK\" \/>\n<meta property=\"og:type\" content=\"article\" \/>\n<meta property=\"og:title\" content=\"T\u00f8mrerydelser i Slagelse | Se vores mange ydelser p\u00e5 t\u00f8mrerarbejde - KVKbyg.dk\" \/>\n<meta property=\"og:description\" content=\"KVK Byg og Anl\u00e6g er t\u00f8mrer i Slagelse og tager imod alle opgaver indenfor t\u00f8mrerfaget. Vi udf\u00f8rer naturligvis opgaver som del- eller totalentrepriser.\" \/>\n<meta property=\"og:url\" content=\"https:\/\/kvk.newsite.side-walk.dk\/?page_id=31\" \/>\n<meta property=\"og:site_name\" content=\"Kvk byg\" \/>\n<meta property=\"article:modified_time\" content=\"2025-07-02T06:45:19+00:00\" \/>\n<meta name=\"twitter:card\" content=\"summary_large_image\" \/>\n<meta name=\"twitter:label1\" content=\"Estimeret l\u00e6setid\" \/>\n\t<meta name=\"twitter:data1\" content=\"1 minut\" \/>\n<script type=\"application\/ld+json\" class=\"yoast-schema-graph\">{\"@context\":\"https:\/\/schema.org\",\"@graph\":[{\"@type\":\"WebPage\",\"@id\":\"https:\/\/kvk.newsite.side-walk.dk\/?page_id=31\",\"url\":\"https:\/\/kvk.newsite.side-walk.dk\/?page_id=31\",\"name\":\"T\u00f8mrerydelser i Slagelse | Se vores mange ydelser p\u00e5 t\u00f8mrerarbejde - KVKbyg.dk\",\"isPartOf\":{\"@id\":\"https:\/\/kvk.newsite.side-walk.dk\/#website\"},\"datePublished\":\"2025-06-06T09:34:11+00:00\",\"dateModified\":\"2025-07-02T06:45:19+00:00\",\"description\":\"KVK Byg og Anl\u00e6g er t\u00f8mrer i Slagelse og tager imod alle opgaver indenfor t\u00f8mrerfaget. Vi udf\u00f8rer naturligvis opgaver som del- eller totalentrepriser.\",\"breadcrumb\":{\"@id\":\"https:\/\/kvk.newsite.side-walk.dk\/?page_id=31#breadcrumb\"},\"inLanguage\":\"da-DK\",\"potentialAction\":[{\"@type\":\"ReadAction\",\"target\":[\"https:\/\/kvk.newsite.side-walk.dk\/?page_id=31\"]}]},{\"@type\":\"BreadcrumbList\",\"@id\":\"https:\/\/kvk.newsite.side-walk.dk\/?page_id=31#breadcrumb\",\"itemListElement\":[{\"@type\":\"ListItem\",\"position\":1,\"name\":\"Hjem\",\"item\":\"https:\/\/kvk.newsite.side-walk.dk\/\"},{\"@type\":\"ListItem\",\"position\":2,\"name\":\"T\u00f8mrerydelser\"}]},{\"@type\":\"WebSite\",\"@id\":\"https:\/\/kvk.newsite.side-walk.dk\/#website\",\"url\":\"https:\/\/kvk.newsite.side-walk.dk\/\",\"name\":\"Kvk byg\",\"description\":\"\",\"publisher\":{\"@id\":\"https:\/\/kvk.newsite.side-walk.dk\/#organization\"},\"potentialAction\":[{\"@type\":\"SearchAction\",\"target\":{\"@type\":\"EntryPoint\",\"urlTemplate\":\"https:\/\/kvk.newsite.side-walk.dk\/?s={search_term_string}\"},\"query-input\":{\"@type\":\"PropertyValueSpecification\",\"valueRequired\":true,\"valueName\":\"search_term_string\"}}],\"inLanguage\":\"da-DK\"},{\"@type\":\"Organization\",\"@id\":\"https:\/\/kvk.newsite.side-walk.dk\/#organization\",\"name\":\"Kvk byg\",\"url\":\"https:\/\/kvk.newsite.side-walk.dk\/\",\"logo\":{\"@type\":\"ImageObject\",\"inLanguage\":\"da-DK\",\"@id\":\"https:\/\/kvk.newsite.side-walk.dk\/#\/schema\/logo\/image\/\",\"url\":\"https:\/\/kvk.newsite.side-walk.dk\/wp-content\/uploads\/2025\/06\/Logo.png\",\"contentUrl\":\"https:\/\/kvk.newsite.side-walk.dk\/wp-content\/uploads\/2025\/06\/Logo.png\",\"width\":119,\"height\":108,\"caption\":\"Kvk byg\"},\"image\":{\"@id\":\"https:\/\/kvk.newsite.side-walk.dk\/#\/schema\/logo\/image\/\"}}]}<\/script>\n<!-- \/ Yoast SEO plugin. -->","yoast_head_json":{"title":"T\u00f8mrerydelser i Slagelse | Se vores mange ydelser p\u00e5 t\u00f8mrerarbejde - KVKbyg.dk","description":"KVK Byg og Anl\u00e6g er t\u00f8mrer i Slagelse og tager imod alle opgaver indenfor t\u00f8mrerfaget. Vi udf\u00f8rer naturligvis opgaver som del- eller totalentrepriser.","robots":{"index":"noindex","follow":"follow","max-snippet":"max-snippet:-1","max-image-preview":"max-image-preview:large","max-video-preview":"max-video-preview:-1"},"og_locale":"da_DK","og_type":"article","og_title":"T\u00f8mrerydelser i Slagelse | Se vores mange ydelser p\u00e5 t\u00f8mrerarbejde - KVKbyg.dk","og_description":"KVK Byg og Anl\u00e6g er t\u00f8mrer i Slagelse og tager imod alle opgaver indenfor t\u00f8mrerfaget. Vi udf\u00f8rer naturligvis opgaver som del- eller totalentrepriser.","og_url":"https:\/\/kvk.newsite.side-walk.dk\/?page_id=31","og_site_name":"Kvk byg","article_modified_time":"2025-07-02T06:45:19+00:00","twitter_card":"summary_large_image","twitter_misc":{"Estimeret l\u00e6setid":"1 minut"},"schema":{"@context":"https:\/\/schema.org","@graph":[{"@type":"WebPage","@id":"https:\/\/kvk.newsite.side-walk.dk\/?page_id=31","url":"https:\/\/kvk.newsite.side-walk.dk\/?page_id=31","name":"T\u00f8mrerydelser i Slagelse | Se vores mange ydelser p\u00e5 t\u00f8mrerarbejde - KVKbyg.dk","isPartOf":{"@id":"https:\/\/kvk.newsite.side-walk.dk\/#website"},"datePublished":"2025-06-06T09:34:11+00:00","dateModified":"2025-07-02T06:45:19+00:00","description":"KVK Byg og Anl\u00e6g er t\u00f8mrer i Slagelse og tager imod alle opgaver indenfor t\u00f8mrerfaget. Vi udf\u00f8rer naturligvis opgaver som del- eller totalentrepriser.","breadcrumb":{"@id":"https:\/\/kvk.newsite.side-walk.dk\/?page_id=31#breadcrumb"},"inLanguage":"da-DK","potentialAction":[{"@type":"ReadAction","target":["https:\/\/kvk.newsite.side-walk.dk\/?page_id=31"]}]},{"@type":"BreadcrumbList","@id":"https:\/\/kvk.newsite.side-walk.dk\/?page_id=31#breadcrumb","itemListElement":[{"@type":"ListItem","position":1,"name":"Hjem","item":"https:\/\/kvk.newsite.side-walk.dk\/"},{"@type":"ListItem","position":2,"name":"T\u00f8mrerydelser"}]},{"@type":"WebSite","@id":"https:\/\/kvk.newsite.side-walk.dk\/#website","url":"https:\/\/kvk.newsite.side-walk.dk\/","name":"Kvk byg","description":"","publisher":{"@id":"https:\/\/kvk.newsite.side-walk.dk\/#organization"},"potentialAction":[{"@type":"SearchAction","target":{"@type":"EntryPoint","urlTemplate":"https:\/\/kvk.newsite.side-walk.dk\/?s={search_term_string}"},"query-input":{"@type":"PropertyValueSpecification","valueRequired":true,"valueName":"search_term_string"}}],"inLanguage":"da-DK"},{"@type":"Organization","@id":"https:\/\/kvk.newsite.side-walk.dk\/#organization","name":"Kvk byg","url":"https:\/\/kvk.newsite.side-walk.dk\/","logo":{"@type":"ImageObject","inLanguage":"da-DK","@id":"https:\/\/kvk.newsite.side-walk.dk\/#\/schema\/logo\/image\/","url":"https:\/\/kvk.newsite.side-walk.dk\/wp-content\/uploads\/2025\/06\/Logo.png","contentUrl":"https:\/\/kvk.newsite.side-walk.dk\/wp-content\/uploads\/2025\/06\/Logo.png","width":119,"height":108,"caption":"Kvk byg"},"image":{"@id":"https:\/\/kvk.newsite.side-walk.dk\/#\/schema\/logo\/image\/"}}]}},"_links":{"self":[{"href":"https:\/\/kvk.newsite.side-walk.dk\/index.php?rest_route=\/wp\/v2\/pages\/31","targetHints":{"allow":["GET"]}}],"collection":[{"href":"https:\/\/kvk.newsite.side-walk.dk\/index.php?rest_route=\/wp\/v2\/pages"}],"about":[{"href":"https:\/\/kvk.newsite.side-walk.dk\/index.php?rest_route=\/wp\/v2\/types\/page"}],"author":[{"embeddable":true,"href":"https:\/\/kvk.newsite.side-walk.dk\/index.php?rest_route=\/wp\/v2\/users\/1"}],"replies":[{"embeddable":true,"href":"https:\/\/kvk.newsite.side-walk.dk\/index.php?rest_route=%2Fwp%2Fv2%2Fcomments&post=31"}],"version-history":[{"count":5,"href":"https:\/\/kvk.newsite.side-walk.dk\/index.php?rest_route=\/wp\/v2\/pages\/31\/revisions"}],"predecessor-version":[{"id":438,"href":"https:\/\/kvk.newsite.side-walk.dk\/index.php?rest_route=\/wp\/v2\/pages\/31\/revisions\/438"}],"wp:attachment":[{"href":"https:\/\/kvk.newsite.side-walk.dk\/index.php?rest_route=%2Fwp%2Fv2%2Fmedia&parent=31"}],"curies":[{"name":"wp","href":"https:\/\/api.w.org\/{rel}","templated":true}]}}