{"id":233,"date":"2025-06-24T10:27:58","date_gmt":"2025-06-24T08:27:58","guid":{"rendered":"https:\/\/kvk.newsite.side-walk.dk\/?page_id=233"},"modified":"2025-07-02T08:55:43","modified_gmt":"2025-07-02T06:55:43","slug":"kloakarbejde","status":"publish","type":"page","link":"https:\/\/kvk.newsite.side-walk.dk\/?page_id=233","title":{"rendered":"Kloakarbejde"},"content":{"rendered":"\t\t<div data-elementor-type=\"wp-page\" data-elementor-id=\"233\" class=\"elementor elementor-233\" data-elementor-post-type=\"page\">\n\t\t\t\t<div class=\"elementor-element elementor-element-f65307d e-flex e-con-boxed e-con e-parent\" data-id=\"f65307d\" data-element_type=\"container\" data-settings=\"{&quot;background_background&quot;:&quot;classic&quot;}\">\n\t\t\t\t\t<div class=\"e-con-inner\">\n\t\t<div class=\"elementor-element elementor-element-71f57a7 e-con-full e-flex e-con e-child\" data-id=\"71f57a7\" data-element_type=\"container\">\n\t\t\t\t<div class=\"elementor-element elementor-element-97221c2 elementor-widget elementor-widget-heading\" data-id=\"97221c2\" data-element_type=\"widget\" data-widget_type=\"heading.default\">\n\t\t\t\t<div class=\"elementor-widget-container\">\n\t\t\t\t\t<h1 class=\"elementor-heading-title elementor-size-default\">Vi tager imod<br>\n<span style=\"color:#F1AD44\">alle opgaver<\/span> inden <br>\nfor kloakarbejde.<\/h1>\t\t\t\t<\/div>\n\t\t\t\t<\/div>\n\t\t\t\t<div class=\"elementor-element elementor-element-b93954b elementor-widget__width-initial elementor-widget-tablet__width-inherit elementor-widget-mobile__width-inherit elementor-widget elementor-widget-text-editor\" data-id=\"b93954b\" data-element_type=\"widget\" data-widget_type=\"text-editor.default\">\n\t\t\t\t<div class=\"elementor-widget-container\">\n\t\t\t\t\t\t\t\t\t<div class=\"subpage-top-left col-lg-6 col-12\"><div id=\"c20\" class=\"frame frame-default frame-type-text frame-layout-0 frame-background-none frame-no-backgroundimage frame-space-before-none frame-space-after-none\"><div class=\"frame-container\"><div class=\"frame-inner\"><div class=\"subpage-top-left col-lg-6 col-12\"><div id=\"c54\" class=\"frame frame-default frame-type-text frame-layout-0 frame-background-none frame-no-backgroundimage frame-space-before-none frame-space-after-none\"><div class=\"frame-container\"><div class=\"frame-inner\"><p>KVK Byg og Anl\u00e6g i Slagelse har tilknyttet en autoriseret kloakmester, s\u00e5 vi er i stand til at udf\u00f8re alle former for kloakarbejde ved anl\u00e6g og byggeri. L\u00e6s mere her.<\/p><\/div><\/div><\/div><\/div><\/div><\/div><\/div><\/div>\t\t\t\t\t\t\t\t<\/div>\n\t\t\t\t<\/div>\n\t\t\t\t<\/div>\n\t\t\t\t\t<\/div>\n\t\t\t\t<\/div>\n\t\t<div class=\"elementor-element elementor-element-14d9388 e-flex e-con-boxed e-con e-parent\" data-id=\"14d9388\" data-element_type=\"container\">\n\t\t\t\t\t<div class=\"e-con-inner\">\n\t\t<div class=\"elementor-element elementor-element-cb40006 e-con-full e-flex e-con e-child\" data-id=\"cb40006\" data-element_type=\"container\">\n\t\t\t\t<div class=\"elementor-element elementor-element-0e3813a elementor-widget elementor-widget-heading\" data-id=\"0e3813a\" data-element_type=\"widget\" data-widget_type=\"heading.default\">\n\t\t\t\t<div class=\"elementor-widget-container\">\n\t\t\t\t\t<h2 class=\"elementor-heading-title elementor-size-default\">KLOAKARBEJDE<\/h2>\t\t\t\t<\/div>\n\t\t\t\t<\/div>\n\t\t\t\t<div class=\"elementor-element elementor-element-e235d44 elementor-widget elementor-widget-text-editor\" data-id=\"e235d44\" data-element_type=\"widget\" data-widget_type=\"text-editor.default\">\n\t\t\t\t<div class=\"elementor-widget-container\">\n\t\t\t\t\t\t\t\t\t<p>KVK Byg og Anl\u00e6g ApS har tilknyttet en autoriseret kloakmester, s\u00e5 vi er i stand til at udf\u00f8re alle former for kloakarbejde ved anl\u00e6g og byggeri.<\/p><p>Er der behov for nye afl\u00f8bsinstallationer eller en udvidelse af kloaksystemet, kan vi s\u00e5ledes udf\u00f8re arbejdet og tilbyde ekspertr\u00e5dgivning om materialer og myndighedskrav.<\/p>\t\t\t\t\t\t\t\t<\/div>\n\t\t\t\t<\/div>\n\t\t\t\t<div class=\"elementor-element elementor-element-f6279e3 elementor-widget elementor-widget-heading\" data-id=\"f6279e3\" data-element_type=\"widget\" data-widget_type=\"heading.default\">\n\t\t\t\t<div class=\"elementor-widget-container\">\n\t\t\t\t\t<h3 class=\"elementor-heading-title elementor-size-default\">Mange \u00e5rs erfaring med kloakarbejde\n\n<\/h3>\t\t\t\t<\/div>\n\t\t\t\t<\/div>\n\t\t\t\t<div class=\"elementor-element elementor-element-75392ac elementor-widget elementor-widget-text-editor\" data-id=\"75392ac\" data-element_type=\"widget\" data-widget_type=\"text-editor.default\">\n\t\t\t\t<div class=\"elementor-widget-container\">\n\t\t\t\t\t\t\t\t\t<p>Hos KVK Byg har vi mange \u00e5rs erfaring med kloakarbejde i Slagelse. Vi er beliggende i Slagelse, men vi k\u00f8rer gerne ud til hele Sj\u00e6lland.\u00a0<\/p><p><a href=\"https:\/\/www.kvkbyg.dk\/menu\/kontakt.aspx\" target=\"_blank\" rel=\"noopener noreferrer\">Kontakt os<\/a>\u00a0for at h\u00f8re mere om vores kloakservice.\u200b\u200b<\/p>\t\t\t\t\t\t\t\t<\/div>\n\t\t\t\t<\/div>\n\t\t\t\t<\/div>\n\t\t<div class=\"elementor-element elementor-element-ae1acc5 e-con-full e-flex e-con e-child\" data-id=\"ae1acc5\" data-element_type=\"container\">\n\t\t\t\t<div class=\"elementor-element elementor-element-153a499 elementor-widget elementor-widget-image\" data-id=\"153a499\" data-element_type=\"widget\" data-widget_type=\"image.default\">\n\t\t\t\t<div class=\"elementor-widget-container\">\n\t\t\t\t\t\t\t\t\t\t\t\t\t\t\t<img fetchpriority=\"high\" decoding=\"async\" width=\"470\" height=\"503\" src=\"https:\/\/kvk.newsite.side-walk.dk\/wp-content\/uploads\/2025\/06\/kloakarbejde_626.jpg\" class=\"attachment-large size-large wp-image-236\" alt=\"\" srcset=\"https:\/\/kvk.newsite.side-walk.dk\/wp-content\/uploads\/2025\/06\/kloakarbejde_626.jpg 470w, https:\/\/kvk.newsite.side-walk.dk\/wp-content\/uploads\/2025\/06\/kloakarbejde_626-280x300.jpg 280w\" sizes=\"(max-width: 470px) 100vw, 470px\" \/>\t\t\t\t\t\t\t\t\t\t\t\t\t\t\t<\/div>\n\t\t\t\t<\/div>\n\t\t\t\t<\/div>\n\t\t\t\t\t<\/div>\n\t\t\t\t<\/div>\n\t\t\t\t<\/div>\n\t\t","protected":false},"excerpt":{"rendered":"<p>Vi tager imod alle opgaver inden for kloakarbejde. KVK Byg og Anl\u00e6g i Slagelse har tilknyttet en autoriseret kloakmester, s\u00e5 vi er i stand til at udf\u00f8re alle former for kloakarbejde ved anl\u00e6g og byggeri. L\u00e6s mere her. KLOAKARBEJDE KVK Byg og Anl\u00e6g ApS har tilknyttet en autoriseret kloakmester, s\u00e5 vi er i stand til [&hellip;]<\/p>\n","protected":false},"author":1,"featured_media":0,"parent":195,"menu_order":0,"comment_status":"closed","ping_status":"closed","template":"elementor_header_footer","meta":{"_acf_changed":false,"footnotes":""},"class_list":["post-233","page","type-page","status-publish","hentry"],"acf":[],"yoast_head":"<!-- This site is optimized with the Yoast SEO plugin v25.4 - https:\/\/yoast.com\/wordpress\/plugins\/seo\/ -->\n<title>Kloakarbejde i Slagelse - KVK Byg og Anl\u00e6g ApS - KVKbyg.dk<\/title>\n<meta name=\"description\" content=\"KVK Byg og Anl\u00e6g i Slagelse har tilknyttet en autoriseret kloakmester, s\u00e5 vi er i stand til at udf\u00f8re alle former for kloakarbejde ved anl\u00e6g og byggeri. L\u00e6s mere her.\" \/>\n<meta name=\"robots\" content=\"noindex, follow, max-snippet:-1, max-image-preview:large, max-video-preview:-1\" \/>\n<meta property=\"og:locale\" content=\"da_DK\" \/>\n<meta property=\"og:type\" content=\"article\" \/>\n<meta property=\"og:title\" content=\"Kloakarbejde i Slagelse - KVK Byg og Anl\u00e6g ApS - KVKbyg.dk\" \/>\n<meta property=\"og:description\" content=\"KVK Byg og Anl\u00e6g i Slagelse har tilknyttet en autoriseret kloakmester, s\u00e5 vi er i stand til at udf\u00f8re alle former for kloakarbejde ved anl\u00e6g og byggeri. L\u00e6s mere her.\" \/>\n<meta property=\"og:url\" content=\"https:\/\/kvk.newsite.side-walk.dk\/?page_id=233\" \/>\n<meta property=\"og:site_name\" content=\"Kvk byg\" \/>\n<meta property=\"article:modified_time\" content=\"2025-07-02T06:55:43+00:00\" \/>\n<meta property=\"og:image\" content=\"https:\/\/kvk.newsite.side-walk.dk\/wp-content\/uploads\/2025\/06\/kloakarbejde_626.jpg\" \/>\n\t<meta property=\"og:image:width\" content=\"470\" \/>\n\t<meta property=\"og:image:height\" content=\"503\" \/>\n\t<meta property=\"og:image:type\" content=\"image\/jpeg\" \/>\n<meta name=\"twitter:card\" content=\"summary_large_image\" \/>\n<meta name=\"twitter:label1\" content=\"Estimeret l\u00e6setid\" \/>\n\t<meta name=\"twitter:data1\" content=\"1 minut\" \/>\n<script type=\"application\/ld+json\" class=\"yoast-schema-graph\">{\"@context\":\"https:\/\/schema.org\",\"@graph\":[{\"@type\":\"WebPage\",\"@id\":\"https:\/\/kvk.newsite.side-walk.dk\/?page_id=233\",\"url\":\"https:\/\/kvk.newsite.side-walk.dk\/?page_id=233\",\"name\":\"Kloakarbejde i Slagelse - KVK Byg og Anl\u00e6g ApS - KVKbyg.dk\",\"isPartOf\":{\"@id\":\"https:\/\/kvk.newsite.side-walk.dk\/#website\"},\"primaryImageOfPage\":{\"@id\":\"https:\/\/kvk.newsite.side-walk.dk\/?page_id=233#primaryimage\"},\"image\":{\"@id\":\"https:\/\/kvk.newsite.side-walk.dk\/?page_id=233#primaryimage\"},\"thumbnailUrl\":\"https:\/\/kvk.newsite.side-walk.dk\/wp-content\/uploads\/2025\/06\/kloakarbejde_626.jpg\",\"datePublished\":\"2025-06-24T08:27:58+00:00\",\"dateModified\":\"2025-07-02T06:55:43+00:00\",\"description\":\"KVK Byg og Anl\u00e6g i Slagelse har tilknyttet en autoriseret kloakmester, s\u00e5 vi er i stand til at udf\u00f8re alle former for kloakarbejde ved anl\u00e6g og byggeri. L\u00e6s mere her.\",\"breadcrumb\":{\"@id\":\"https:\/\/kvk.newsite.side-walk.dk\/?page_id=233#breadcrumb\"},\"inLanguage\":\"da-DK\",\"potentialAction\":[{\"@type\":\"ReadAction\",\"target\":[\"https:\/\/kvk.newsite.side-walk.dk\/?page_id=233\"]}]},{\"@type\":\"ImageObject\",\"inLanguage\":\"da-DK\",\"@id\":\"https:\/\/kvk.newsite.side-walk.dk\/?page_id=233#primaryimage\",\"url\":\"https:\/\/kvk.newsite.side-walk.dk\/wp-content\/uploads\/2025\/06\/kloakarbejde_626.jpg\",\"contentUrl\":\"https:\/\/kvk.newsite.side-walk.dk\/wp-content\/uploads\/2025\/06\/kloakarbejde_626.jpg\",\"width\":470,\"height\":503},{\"@type\":\"BreadcrumbList\",\"@id\":\"https:\/\/kvk.newsite.side-walk.dk\/?page_id=233#breadcrumb\",\"itemListElement\":[{\"@type\":\"ListItem\",\"position\":1,\"name\":\"Hjem\",\"item\":\"https:\/\/kvk.newsite.side-walk.dk\/\"},{\"@type\":\"ListItem\",\"position\":2,\"name\":\"Entrepren\u00f8rarbejde\",\"item\":\"https:\/\/kvk.newsite.side-walk.dk\/?page_id=195\"},{\"@type\":\"ListItem\",\"position\":3,\"name\":\"Kloakarbejde\"}]},{\"@type\":\"WebSite\",\"@id\":\"https:\/\/kvk.newsite.side-walk.dk\/#website\",\"url\":\"https:\/\/kvk.newsite.side-walk.dk\/\",\"name\":\"Kvk byg\",\"description\":\"\",\"publisher\":{\"@id\":\"https:\/\/kvk.newsite.side-walk.dk\/#organization\"},\"potentialAction\":[{\"@type\":\"SearchAction\",\"target\":{\"@type\":\"EntryPoint\",\"urlTemplate\":\"https:\/\/kvk.newsite.side-walk.dk\/?s={search_term_string}\"},\"query-input\":{\"@type\":\"PropertyValueSpecification\",\"valueRequired\":true,\"valueName\":\"search_term_string\"}}],\"inLanguage\":\"da-DK\"},{\"@type\":\"Organization\",\"@id\":\"https:\/\/kvk.newsite.side-walk.dk\/#organization\",\"name\":\"Kvk byg\",\"url\":\"https:\/\/kvk.newsite.side-walk.dk\/\",\"logo\":{\"@type\":\"ImageObject\",\"inLanguage\":\"da-DK\",\"@id\":\"https:\/\/kvk.newsite.side-walk.dk\/#\/schema\/logo\/image\/\",\"url\":\"https:\/\/kvk.newsite.side-walk.dk\/wp-content\/uploads\/2025\/06\/Logo.png\",\"contentUrl\":\"https:\/\/kvk.newsite.side-walk.dk\/wp-content\/uploads\/2025\/06\/Logo.png\",\"width\":119,\"height\":108,\"caption\":\"Kvk byg\"},\"image\":{\"@id\":\"https:\/\/kvk.newsite.side-walk.dk\/#\/schema\/logo\/image\/\"}}]}<\/script>\n<!-- \/ Yoast SEO plugin. -->","yoast_head_json":{"title":"Kloakarbejde i Slagelse - KVK Byg og Anl\u00e6g ApS - KVKbyg.dk","description":"KVK Byg og Anl\u00e6g i Slagelse har tilknyttet en autoriseret kloakmester, s\u00e5 vi er i stand til at udf\u00f8re alle former for kloakarbejde ved anl\u00e6g og byggeri. L\u00e6s mere her.","robots":{"index":"noindex","follow":"follow","max-snippet":"max-snippet:-1","max-image-preview":"max-image-preview:large","max-video-preview":"max-video-preview:-1"},"og_locale":"da_DK","og_type":"article","og_title":"Kloakarbejde i Slagelse - KVK Byg og Anl\u00e6g ApS - KVKbyg.dk","og_description":"KVK Byg og Anl\u00e6g i Slagelse har tilknyttet en autoriseret kloakmester, s\u00e5 vi er i stand til at udf\u00f8re alle former for kloakarbejde ved anl\u00e6g og byggeri. L\u00e6s mere her.","og_url":"https:\/\/kvk.newsite.side-walk.dk\/?page_id=233","og_site_name":"Kvk byg","article_modified_time":"2025-07-02T06:55:43+00:00","og_image":[{"width":470,"height":503,"url":"https:\/\/kvk.newsite.side-walk.dk\/wp-content\/uploads\/2025\/06\/kloakarbejde_626.jpg","type":"image\/jpeg"}],"twitter_card":"summary_large_image","twitter_misc":{"Estimeret l\u00e6setid":"1 minut"},"schema":{"@context":"https:\/\/schema.org","@graph":[{"@type":"WebPage","@id":"https:\/\/kvk.newsite.side-walk.dk\/?page_id=233","url":"https:\/\/kvk.newsite.side-walk.dk\/?page_id=233","name":"Kloakarbejde i Slagelse - KVK Byg og Anl\u00e6g ApS - KVKbyg.dk","isPartOf":{"@id":"https:\/\/kvk.newsite.side-walk.dk\/#website"},"primaryImageOfPage":{"@id":"https:\/\/kvk.newsite.side-walk.dk\/?page_id=233#primaryimage"},"image":{"@id":"https:\/\/kvk.newsite.side-walk.dk\/?page_id=233#primaryimage"},"thumbnailUrl":"https:\/\/kvk.newsite.side-walk.dk\/wp-content\/uploads\/2025\/06\/kloakarbejde_626.jpg","datePublished":"2025-06-24T08:27:58+00:00","dateModified":"2025-07-02T06:55:43+00:00","description":"KVK Byg og Anl\u00e6g i Slagelse har tilknyttet en autoriseret kloakmester, s\u00e5 vi er i stand til at udf\u00f8re alle former for kloakarbejde ved anl\u00e6g og byggeri. L\u00e6s mere her.","breadcrumb":{"@id":"https:\/\/kvk.newsite.side-walk.dk\/?page_id=233#breadcrumb"},"inLanguage":"da-DK","potentialAction":[{"@type":"ReadAction","target":["https:\/\/kvk.newsite.side-walk.dk\/?page_id=233"]}]},{"@type":"ImageObject","inLanguage":"da-DK","@id":"https:\/\/kvk.newsite.side-walk.dk\/?page_id=233#primaryimage","url":"https:\/\/kvk.newsite.side-walk.dk\/wp-content\/uploads\/2025\/06\/kloakarbejde_626.jpg","contentUrl":"https:\/\/kvk.newsite.side-walk.dk\/wp-content\/uploads\/2025\/06\/kloakarbejde_626.jpg","width":470,"height":503},{"@type":"BreadcrumbList","@id":"https:\/\/kvk.newsite.side-walk.dk\/?page_id=233#breadcrumb","itemListElement":[{"@type":"ListItem","position":1,"name":"Hjem","item":"https:\/\/kvk.newsite.side-walk.dk\/"},{"@type":"ListItem","position":2,"name":"Entrepren\u00f8rarbejde","item":"https:\/\/kvk.newsite.side-walk.dk\/?page_id=195"},{"@type":"ListItem","position":3,"name":"Kloakarbejde"}]},{"@type":"WebSite","@id":"https:\/\/kvk.newsite.side-walk.dk\/#website","url":"https:\/\/kvk.newsite.side-walk.dk\/","name":"Kvk byg","description":"","publisher":{"@id":"https:\/\/kvk.newsite.side-walk.dk\/#organization"},"potentialAction":[{"@type":"SearchAction","target":{"@type":"EntryPoint","urlTemplate":"https:\/\/kvk.newsite.side-walk.dk\/?s={search_term_string}"},"query-input":{"@type":"PropertyValueSpecification","valueRequired":true,"valueName":"search_term_string"}}],"inLanguage":"da-DK"},{"@type":"Organization","@id":"https:\/\/kvk.newsite.side-walk.dk\/#organization","name":"Kvk byg","url":"https:\/\/kvk.newsite.side-walk.dk\/","logo":{"@type":"ImageObject","inLanguage":"da-DK","@id":"https:\/\/kvk.newsite.side-walk.dk\/#\/schema\/logo\/image\/","url":"https:\/\/kvk.newsite.side-walk.dk\/wp-content\/uploads\/2025\/06\/Logo.png","contentUrl":"https:\/\/kvk.newsite.side-walk.dk\/wp-content\/uploads\/2025\/06\/Logo.png","width":119,"height":108,"caption":"Kvk byg"},"image":{"@id":"https:\/\/kvk.newsite.side-walk.dk\/#\/schema\/logo\/image\/"}}]}},"_links":{"self":[{"href":"https:\/\/kvk.newsite.side-walk.dk\/index.php?rest_route=\/wp\/v2\/pages\/233","targetHints":{"allow":["GET"]}}],"collection":[{"href":"https:\/\/kvk.newsite.side-walk.dk\/index.php?rest_route=\/wp\/v2\/pages"}],"about":[{"href":"https:\/\/kvk.newsite.side-walk.dk\/index.php?rest_route=\/wp\/v2\/types\/page"}],"author":[{"embeddable":true,"href":"https:\/\/kvk.newsite.side-walk.dk\/index.php?rest_route=\/wp\/v2\/users\/1"}],"replies":[{"embeddable":true,"href":"https:\/\/kvk.newsite.side-walk.dk\/index.php?rest_route=%2Fwp%2Fv2%2Fcomments&post=233"}],"version-history":[{"count":5,"href":"https:\/\/kvk.newsite.side-walk.dk\/index.php?rest_route=\/wp\/v2\/pages\/233\/revisions"}],"predecessor-version":[{"id":470,"href":"https:\/\/kvk.newsite.side-walk.dk\/index.php?rest_route=\/wp\/v2\/pages\/233\/revisions\/470"}],"up":[{"embeddable":true,"href":"https:\/\/kvk.newsite.side-walk.dk\/index.php?rest_route=\/wp\/v2\/pages\/195"}],"wp:attachment":[{"href":"https:\/\/kvk.newsite.side-walk.dk\/index.php?rest_route=%2Fwp%2Fv2%2Fmedia&parent=233"}],"curies":[{"name":"wp","href":"https:\/\/api.w.org\/{rel}","templated":true}]}}