{"id":219,"date":"2025-06-24T10:21:14","date_gmt":"2025-06-24T08:21:14","guid":{"rendered":"https:\/\/kvk.newsite.side-walk.dk\/?page_id=219"},"modified":"2025-07-02T08:54:43","modified_gmt":"2025-07-02T06:54:43","slug":"fundamenter","status":"publish","type":"page","link":"https:\/\/kvk.newsite.side-walk.dk\/?page_id=219","title":{"rendered":"Fundamenter"},"content":{"rendered":"\t\t<div data-elementor-type=\"wp-page\" data-elementor-id=\"219\" class=\"elementor elementor-219\" data-elementor-post-type=\"page\">\n\t\t\t\t<div class=\"elementor-element elementor-element-4352708 e-flex e-con-boxed e-con e-parent\" data-id=\"4352708\" data-element_type=\"container\" data-settings=\"{&quot;background_background&quot;:&quot;classic&quot;}\">\n\t\t\t\t\t<div class=\"e-con-inner\">\n\t\t<div class=\"elementor-element elementor-element-ba6349b e-con-full e-flex e-con e-child\" data-id=\"ba6349b\" data-element_type=\"container\">\n\t\t\t\t<div class=\"elementor-element elementor-element-f4bfe61 elementor-widget elementor-widget-heading\" data-id=\"f4bfe61\" data-element_type=\"widget\" data-widget_type=\"heading.default\">\n\t\t\t\t<div class=\"elementor-widget-container\">\n\t\t\t\t\t<h1 class=\"elementor-heading-title elementor-size-default\">Vi tager imod<br>\n<span style=\"color:#F1AD44\">alle opgaver<\/span> inden <br>\nfor fundamentarbejde.<\/h1>\t\t\t\t<\/div>\n\t\t\t\t<\/div>\n\t\t\t\t<div class=\"elementor-element elementor-element-a13933d elementor-widget__width-initial elementor-widget-tablet__width-inherit elementor-widget-mobile__width-inherit elementor-widget elementor-widget-text-editor\" data-id=\"a13933d\" data-element_type=\"widget\" data-widget_type=\"text-editor.default\">\n\t\t\t\t<div class=\"elementor-widget-container\">\n\t\t\t\t\t\t\t\t\t<div class=\"subpage-top-left col-lg-6 col-12\"><div id=\"c20\" class=\"frame frame-default frame-type-text frame-layout-0 frame-background-none frame-no-backgroundimage frame-space-before-none frame-space-after-none\"><div class=\"frame-container\"><div class=\"frame-inner\"><div class=\"subpage-top-left col-lg-6 col-12\"><div id=\"c54\" class=\"frame frame-default frame-type-text frame-layout-0 frame-background-none frame-no-backgroundimage frame-space-before-none frame-space-after-none\"><div class=\"frame-container\"><div class=\"frame-inner\"><div class=\"subpage-top-left col-lg-6 col-12\"><div id=\"c61\" class=\"frame frame-default frame-type-text frame-layout-0 frame-background-none frame-no-backgroundimage frame-space-before-none frame-space-after-none\"><div class=\"frame-container\"><div class=\"frame-inner\"><p>KVK Byg og Anl\u00e6g i Slagelse opbygger fundamenter til alle former for bygninger. Vi l\u00e6gger v\u00e6gt p\u00e5, at kvaliteten er i top hele vejen. L\u00e6s mere her.<\/p><\/div><\/div><\/div><\/div><\/div><\/div><\/div><\/div><\/div><\/div><\/div><\/div>\t\t\t\t\t\t\t\t<\/div>\n\t\t\t\t<\/div>\n\t\t\t\t<\/div>\n\t\t\t\t\t<\/div>\n\t\t\t\t<\/div>\n\t\t<div class=\"elementor-element elementor-element-91c006d e-flex e-con-boxed e-con e-parent\" data-id=\"91c006d\" data-element_type=\"container\">\n\t\t\t\t\t<div class=\"e-con-inner\">\n\t\t<div class=\"elementor-element elementor-element-954c6ab e-con-full e-flex e-con e-child\" data-id=\"954c6ab\" data-element_type=\"container\">\n\t\t\t\t<div class=\"elementor-element elementor-element-4ca8a09 elementor-widget elementor-widget-heading\" data-id=\"4ca8a09\" data-element_type=\"widget\" data-widget_type=\"heading.default\">\n\t\t\t\t<div class=\"elementor-widget-container\">\n\t\t\t\t\t<h2 class=\"elementor-heading-title elementor-size-default\">FUNDAMENTER<\/h2>\t\t\t\t<\/div>\n\t\t\t\t<\/div>\n\t\t\t\t<div class=\"elementor-element elementor-element-a7dc8cf elementor-widget elementor-widget-text-editor\" data-id=\"a7dc8cf\" data-element_type=\"widget\" data-widget_type=\"text-editor.default\">\n\t\t\t\t<div class=\"elementor-widget-container\">\n\t\t\t\t\t\t\t\t\t<p>KVK Byg og Anl\u00e6g ApS opbygger fundamenter til alle former for bygninger. Vi leverer en grundig r\u00e5dgivning f\u00f8r arbejdet p\u00e5begyndes og garanterer, at kvalitet er et kendetegn ved det arbejde, vi udf\u00f8rer.<\/p><p>Fundamentet skal b\u00e6re v\u00e6gten af husets b\u00e6rende og stabiliserende v\u00e6gge og tagkonstruktionen, s\u00e5 huset ikke s\u00e6tter sig. Samtidig skal fundamentet forhindre fugt fra den underliggende jord i at tr\u00e6nge op i huset. Derfor er det afg\u00f8rende, at arbejdet udf\u00f8res professionelt.<\/p><p>KVK Byg og Anl\u00e6g ApS er den kompetente entrepren\u00f8rvirksomhed, der kan skabe et sikkert og solidt fundament til jeres hus.<\/p><p>Har jeres hus f\u00e5et s\u00e6tningsrevner som f\u00f8lge af et ustabilt fundament eller er der fare for, at det s\u00e6tter sig, tilbyder vi at grave ud og st\u00f8be et nyt fundament under det gamle. Det er et arbejde, der kr\u00e6ver den h\u00f8je fagkundskab, som vi st\u00e5r for.<\/p><p><a href=\"https:\/\/kvkbyg.dk\/kontakt\">Kontakt os<\/a>\u00a0for et uforpligtende tilbud p\u00e5 jeres opgave.\u200b\u200b<\/p>\t\t\t\t\t\t\t\t<\/div>\n\t\t\t\t<\/div>\n\t\t\t\t<\/div>\n\t\t<div class=\"elementor-element elementor-element-975fce4 e-con-full e-flex e-con e-child\" data-id=\"975fce4\" data-element_type=\"container\">\n\t\t\t\t<div class=\"elementor-element elementor-element-e2afc16 elementor-widget elementor-widget-image\" data-id=\"e2afc16\" data-element_type=\"widget\" data-widget_type=\"image.default\">\n\t\t\t\t<div class=\"elementor-widget-container\">\n\t\t\t\t\t\t\t\t\t\t\t\t\t\t\t<img fetchpriority=\"high\" decoding=\"async\" width=\"470\" height=\"503\" src=\"https:\/\/kvk.newsite.side-walk.dk\/wp-content\/uploads\/2025\/06\/fundamenter_636.jpg\" class=\"attachment-large size-large wp-image-222\" alt=\"\" srcset=\"https:\/\/kvk.newsite.side-walk.dk\/wp-content\/uploads\/2025\/06\/fundamenter_636.jpg 470w, https:\/\/kvk.newsite.side-walk.dk\/wp-content\/uploads\/2025\/06\/fundamenter_636-280x300.jpg 280w\" sizes=\"(max-width: 470px) 100vw, 470px\" \/>\t\t\t\t\t\t\t\t\t\t\t\t\t\t\t<\/div>\n\t\t\t\t<\/div>\n\t\t\t\t<\/div>\n\t\t\t\t\t<\/div>\n\t\t\t\t<\/div>\n\t\t\t\t<\/div>\n\t\t","protected":false},"excerpt":{"rendered":"<p>Vi tager imod alle opgaver inden for fundamentarbejde. KVK Byg og Anl\u00e6g i Slagelse opbygger fundamenter til alle former for bygninger. Vi l\u00e6gger v\u00e6gt p\u00e5, at kvaliteten er i top hele vejen. L\u00e6s mere her. FUNDAMENTER KVK Byg og Anl\u00e6g ApS opbygger fundamenter til alle former for bygninger. Vi leverer en grundig r\u00e5dgivning f\u00f8r arbejdet [&hellip;]<\/p>\n","protected":false},"author":1,"featured_media":0,"parent":195,"menu_order":0,"comment_status":"closed","ping_status":"closed","template":"elementor_header_footer","meta":{"_acf_changed":false,"footnotes":""},"class_list":["post-219","page","type-page","status-publish","hentry"],"acf":[],"yoast_head":"<!-- This site is optimized with the Yoast SEO plugin v25.4 - https:\/\/yoast.com\/wordpress\/plugins\/seo\/ -->\n<title>Fundamenter i Slagelse | Vi udf\u00f8rer alt inden for betonfundamenter - KVKbyg.dk<\/title>\n<meta name=\"description\" content=\"KVK Byg og Anl\u00e6g i Slagelse opbygger fundamenter til alle former for bygninger. Vi l\u00e6gger v\u00e6gt p\u00e5, at kvaliteten er i top hele vejen. L\u00e6s mere her.\" \/>\n<meta name=\"robots\" content=\"noindex, follow, max-snippet:-1, max-image-preview:large, max-video-preview:-1\" \/>\n<meta property=\"og:locale\" content=\"da_DK\" \/>\n<meta property=\"og:type\" content=\"article\" \/>\n<meta property=\"og:title\" content=\"Fundamenter i Slagelse | Vi udf\u00f8rer alt inden for betonfundamenter - KVKbyg.dk\" \/>\n<meta property=\"og:description\" content=\"KVK Byg og Anl\u00e6g i Slagelse opbygger fundamenter til alle former for bygninger. Vi l\u00e6gger v\u00e6gt p\u00e5, at kvaliteten er i top hele vejen. L\u00e6s mere her.\" \/>\n<meta property=\"og:url\" content=\"https:\/\/kvk.newsite.side-walk.dk\/?page_id=219\" \/>\n<meta property=\"og:site_name\" content=\"Kvk byg\" \/>\n<meta property=\"article:modified_time\" content=\"2025-07-02T06:54:43+00:00\" \/>\n<meta property=\"og:image\" content=\"https:\/\/kvk.newsite.side-walk.dk\/wp-content\/uploads\/2025\/06\/fundamenter_636.jpg\" \/>\n\t<meta property=\"og:image:width\" content=\"470\" \/>\n\t<meta property=\"og:image:height\" content=\"503\" \/>\n\t<meta property=\"og:image:type\" content=\"image\/jpeg\" \/>\n<meta name=\"twitter:card\" content=\"summary_large_image\" \/>\n<meta name=\"twitter:label1\" content=\"Estimeret l\u00e6setid\" \/>\n\t<meta name=\"twitter:data1\" content=\"2 minutter\" \/>\n<script type=\"application\/ld+json\" class=\"yoast-schema-graph\">{\"@context\":\"https:\/\/schema.org\",\"@graph\":[{\"@type\":\"WebPage\",\"@id\":\"https:\/\/kvk.newsite.side-walk.dk\/?page_id=219\",\"url\":\"https:\/\/kvk.newsite.side-walk.dk\/?page_id=219\",\"name\":\"Fundamenter i Slagelse | Vi udf\u00f8rer alt inden for betonfundamenter - KVKbyg.dk\",\"isPartOf\":{\"@id\":\"https:\/\/kvk.newsite.side-walk.dk\/#website\"},\"primaryImageOfPage\":{\"@id\":\"https:\/\/kvk.newsite.side-walk.dk\/?page_id=219#primaryimage\"},\"image\":{\"@id\":\"https:\/\/kvk.newsite.side-walk.dk\/?page_id=219#primaryimage\"},\"thumbnailUrl\":\"https:\/\/kvk.newsite.side-walk.dk\/wp-content\/uploads\/2025\/06\/fundamenter_636.jpg\",\"datePublished\":\"2025-06-24T08:21:14+00:00\",\"dateModified\":\"2025-07-02T06:54:43+00:00\",\"description\":\"KVK Byg og Anl\u00e6g i Slagelse opbygger fundamenter til alle former for bygninger. Vi l\u00e6gger v\u00e6gt p\u00e5, at kvaliteten er i top hele vejen. L\u00e6s mere her.\",\"breadcrumb\":{\"@id\":\"https:\/\/kvk.newsite.side-walk.dk\/?page_id=219#breadcrumb\"},\"inLanguage\":\"da-DK\",\"potentialAction\":[{\"@type\":\"ReadAction\",\"target\":[\"https:\/\/kvk.newsite.side-walk.dk\/?page_id=219\"]}]},{\"@type\":\"ImageObject\",\"inLanguage\":\"da-DK\",\"@id\":\"https:\/\/kvk.newsite.side-walk.dk\/?page_id=219#primaryimage\",\"url\":\"https:\/\/kvk.newsite.side-walk.dk\/wp-content\/uploads\/2025\/06\/fundamenter_636.jpg\",\"contentUrl\":\"https:\/\/kvk.newsite.side-walk.dk\/wp-content\/uploads\/2025\/06\/fundamenter_636.jpg\",\"width\":470,\"height\":503},{\"@type\":\"BreadcrumbList\",\"@id\":\"https:\/\/kvk.newsite.side-walk.dk\/?page_id=219#breadcrumb\",\"itemListElement\":[{\"@type\":\"ListItem\",\"position\":1,\"name\":\"Hjem\",\"item\":\"https:\/\/kvk.newsite.side-walk.dk\/\"},{\"@type\":\"ListItem\",\"position\":2,\"name\":\"Entrepren\u00f8rarbejde\",\"item\":\"https:\/\/kvk.newsite.side-walk.dk\/?page_id=195\"},{\"@type\":\"ListItem\",\"position\":3,\"name\":\"Fundamenter\"}]},{\"@type\":\"WebSite\",\"@id\":\"https:\/\/kvk.newsite.side-walk.dk\/#website\",\"url\":\"https:\/\/kvk.newsite.side-walk.dk\/\",\"name\":\"Kvk byg\",\"description\":\"\",\"publisher\":{\"@id\":\"https:\/\/kvk.newsite.side-walk.dk\/#organization\"},\"potentialAction\":[{\"@type\":\"SearchAction\",\"target\":{\"@type\":\"EntryPoint\",\"urlTemplate\":\"https:\/\/kvk.newsite.side-walk.dk\/?s={search_term_string}\"},\"query-input\":{\"@type\":\"PropertyValueSpecification\",\"valueRequired\":true,\"valueName\":\"search_term_string\"}}],\"inLanguage\":\"da-DK\"},{\"@type\":\"Organization\",\"@id\":\"https:\/\/kvk.newsite.side-walk.dk\/#organization\",\"name\":\"Kvk byg\",\"url\":\"https:\/\/kvk.newsite.side-walk.dk\/\",\"logo\":{\"@type\":\"ImageObject\",\"inLanguage\":\"da-DK\",\"@id\":\"https:\/\/kvk.newsite.side-walk.dk\/#\/schema\/logo\/image\/\",\"url\":\"https:\/\/kvk.newsite.side-walk.dk\/wp-content\/uploads\/2025\/06\/Logo.png\",\"contentUrl\":\"https:\/\/kvk.newsite.side-walk.dk\/wp-content\/uploads\/2025\/06\/Logo.png\",\"width\":119,\"height\":108,\"caption\":\"Kvk byg\"},\"image\":{\"@id\":\"https:\/\/kvk.newsite.side-walk.dk\/#\/schema\/logo\/image\/\"}}]}<\/script>\n<!-- \/ Yoast SEO plugin. -->","yoast_head_json":{"title":"Fundamenter i Slagelse | Vi udf\u00f8rer alt inden for betonfundamenter - KVKbyg.dk","description":"KVK Byg og Anl\u00e6g i Slagelse opbygger fundamenter til alle former for bygninger. Vi l\u00e6gger v\u00e6gt p\u00e5, at kvaliteten er i top hele vejen. L\u00e6s mere her.","robots":{"index":"noindex","follow":"follow","max-snippet":"max-snippet:-1","max-image-preview":"max-image-preview:large","max-video-preview":"max-video-preview:-1"},"og_locale":"da_DK","og_type":"article","og_title":"Fundamenter i Slagelse | Vi udf\u00f8rer alt inden for betonfundamenter - KVKbyg.dk","og_description":"KVK Byg og Anl\u00e6g i Slagelse opbygger fundamenter til alle former for bygninger. Vi l\u00e6gger v\u00e6gt p\u00e5, at kvaliteten er i top hele vejen. L\u00e6s mere her.","og_url":"https:\/\/kvk.newsite.side-walk.dk\/?page_id=219","og_site_name":"Kvk byg","article_modified_time":"2025-07-02T06:54:43+00:00","og_image":[{"width":470,"height":503,"url":"https:\/\/kvk.newsite.side-walk.dk\/wp-content\/uploads\/2025\/06\/fundamenter_636.jpg","type":"image\/jpeg"}],"twitter_card":"summary_large_image","twitter_misc":{"Estimeret l\u00e6setid":"2 minutter"},"schema":{"@context":"https:\/\/schema.org","@graph":[{"@type":"WebPage","@id":"https:\/\/kvk.newsite.side-walk.dk\/?page_id=219","url":"https:\/\/kvk.newsite.side-walk.dk\/?page_id=219","name":"Fundamenter i Slagelse | Vi udf\u00f8rer alt inden for betonfundamenter - KVKbyg.dk","isPartOf":{"@id":"https:\/\/kvk.newsite.side-walk.dk\/#website"},"primaryImageOfPage":{"@id":"https:\/\/kvk.newsite.side-walk.dk\/?page_id=219#primaryimage"},"image":{"@id":"https:\/\/kvk.newsite.side-walk.dk\/?page_id=219#primaryimage"},"thumbnailUrl":"https:\/\/kvk.newsite.side-walk.dk\/wp-content\/uploads\/2025\/06\/fundamenter_636.jpg","datePublished":"2025-06-24T08:21:14+00:00","dateModified":"2025-07-02T06:54:43+00:00","description":"KVK Byg og Anl\u00e6g i Slagelse opbygger fundamenter til alle former for bygninger. Vi l\u00e6gger v\u00e6gt p\u00e5, at kvaliteten er i top hele vejen. L\u00e6s mere her.","breadcrumb":{"@id":"https:\/\/kvk.newsite.side-walk.dk\/?page_id=219#breadcrumb"},"inLanguage":"da-DK","potentialAction":[{"@type":"ReadAction","target":["https:\/\/kvk.newsite.side-walk.dk\/?page_id=219"]}]},{"@type":"ImageObject","inLanguage":"da-DK","@id":"https:\/\/kvk.newsite.side-walk.dk\/?page_id=219#primaryimage","url":"https:\/\/kvk.newsite.side-walk.dk\/wp-content\/uploads\/2025\/06\/fundamenter_636.jpg","contentUrl":"https:\/\/kvk.newsite.side-walk.dk\/wp-content\/uploads\/2025\/06\/fundamenter_636.jpg","width":470,"height":503},{"@type":"BreadcrumbList","@id":"https:\/\/kvk.newsite.side-walk.dk\/?page_id=219#breadcrumb","itemListElement":[{"@type":"ListItem","position":1,"name":"Hjem","item":"https:\/\/kvk.newsite.side-walk.dk\/"},{"@type":"ListItem","position":2,"name":"Entrepren\u00f8rarbejde","item":"https:\/\/kvk.newsite.side-walk.dk\/?page_id=195"},{"@type":"ListItem","position":3,"name":"Fundamenter"}]},{"@type":"WebSite","@id":"https:\/\/kvk.newsite.side-walk.dk\/#website","url":"https:\/\/kvk.newsite.side-walk.dk\/","name":"Kvk byg","description":"","publisher":{"@id":"https:\/\/kvk.newsite.side-walk.dk\/#organization"},"potentialAction":[{"@type":"SearchAction","target":{"@type":"EntryPoint","urlTemplate":"https:\/\/kvk.newsite.side-walk.dk\/?s={search_term_string}"},"query-input":{"@type":"PropertyValueSpecification","valueRequired":true,"valueName":"search_term_string"}}],"inLanguage":"da-DK"},{"@type":"Organization","@id":"https:\/\/kvk.newsite.side-walk.dk\/#organization","name":"Kvk byg","url":"https:\/\/kvk.newsite.side-walk.dk\/","logo":{"@type":"ImageObject","inLanguage":"da-DK","@id":"https:\/\/kvk.newsite.side-walk.dk\/#\/schema\/logo\/image\/","url":"https:\/\/kvk.newsite.side-walk.dk\/wp-content\/uploads\/2025\/06\/Logo.png","contentUrl":"https:\/\/kvk.newsite.side-walk.dk\/wp-content\/uploads\/2025\/06\/Logo.png","width":119,"height":108,"caption":"Kvk byg"},"image":{"@id":"https:\/\/kvk.newsite.side-walk.dk\/#\/schema\/logo\/image\/"}}]}},"_links":{"self":[{"href":"https:\/\/kvk.newsite.side-walk.dk\/index.php?rest_route=\/wp\/v2\/pages\/219","targetHints":{"allow":["GET"]}}],"collection":[{"href":"https:\/\/kvk.newsite.side-walk.dk\/index.php?rest_route=\/wp\/v2\/pages"}],"about":[{"href":"https:\/\/kvk.newsite.side-walk.dk\/index.php?rest_route=\/wp\/v2\/types\/page"}],"author":[{"embeddable":true,"href":"https:\/\/kvk.newsite.side-walk.dk\/index.php?rest_route=\/wp\/v2\/users\/1"}],"replies":[{"embeddable":true,"href":"https:\/\/kvk.newsite.side-walk.dk\/index.php?rest_route=%2Fwp%2Fv2%2Fcomments&post=219"}],"version-history":[{"count":5,"href":"https:\/\/kvk.newsite.side-walk.dk\/index.php?rest_route=\/wp\/v2\/pages\/219\/revisions"}],"predecessor-version":[{"id":464,"href":"https:\/\/kvk.newsite.side-walk.dk\/index.php?rest_route=\/wp\/v2\/pages\/219\/revisions\/464"}],"up":[{"embeddable":true,"href":"https:\/\/kvk.newsite.side-walk.dk\/index.php?rest_route=\/wp\/v2\/pages\/195"}],"wp:attachment":[{"href":"https:\/\/kvk.newsite.side-walk.dk\/index.php?rest_route=%2Fwp%2Fv2%2Fmedia&parent=219"}],"curies":[{"name":"wp","href":"https:\/\/api.w.org\/{rel}","templated":true}]}}