{"id":205,"date":"2025-06-24T10:11:53","date_gmt":"2025-06-24T08:11:53","guid":{"rendered":"https:\/\/kvk.newsite.side-walk.dk\/?page_id=205"},"modified":"2025-07-02T08:52:31","modified_gmt":"2025-07-02T06:52:31","slug":"anlaegsarbejde","status":"publish","type":"page","link":"https:\/\/kvk.newsite.side-walk.dk\/?page_id=205","title":{"rendered":"Anl\u00e6gsarbejde"},"content":{"rendered":"\t\t<div data-elementor-type=\"wp-page\" data-elementor-id=\"205\" class=\"elementor elementor-205\" data-elementor-post-type=\"page\">\n\t\t\t\t<div class=\"elementor-element elementor-element-32b87fe e-flex e-con-boxed e-con e-parent\" data-id=\"32b87fe\" data-element_type=\"container\" data-settings=\"{&quot;background_background&quot;:&quot;classic&quot;}\">\n\t\t\t\t\t<div class=\"e-con-inner\">\n\t\t<div class=\"elementor-element elementor-element-973bb62 e-con-full e-flex e-con e-child\" data-id=\"973bb62\" data-element_type=\"container\">\n\t\t\t\t<div class=\"elementor-element elementor-element-6dc0259 elementor-widget elementor-widget-heading\" data-id=\"6dc0259\" data-element_type=\"widget\" data-widget_type=\"heading.default\">\n\t\t\t\t<div class=\"elementor-widget-container\">\n\t\t\t\t\t<h1 class=\"elementor-heading-title elementor-size-default\">Vi tager imod<br>\n<span style=\"color:#F1AD44\">alle opgaver<\/span> inden <br>\nfor anl\u00e6gsarbejde<\/h1>\t\t\t\t<\/div>\n\t\t\t\t<\/div>\n\t\t\t\t<div class=\"elementor-element elementor-element-56a1155 elementor-widget__width-initial elementor-widget-tablet__width-inherit elementor-widget-mobile__width-inherit elementor-widget elementor-widget-text-editor\" data-id=\"56a1155\" data-element_type=\"widget\" data-widget_type=\"text-editor.default\">\n\t\t\t\t<div class=\"elementor-widget-container\">\n\t\t\t\t\t\t\t\t\t<div class=\"subpage-top-left col-lg-6 col-12\"><div id=\"c20\" class=\"frame frame-default frame-type-text frame-layout-0 frame-background-none frame-no-backgroundimage frame-space-before-none frame-space-after-none\"><div class=\"frame-container\"><div class=\"frame-inner\"><div class=\"subpage-top-left col-lg-6 col-12\"><div id=\"c54\" class=\"frame frame-default frame-type-text frame-layout-0 frame-background-none frame-no-backgroundimage frame-space-before-none frame-space-after-none\"><div class=\"frame-container\"><div class=\"frame-inner\"><p>KVK Byg og Anl\u00e6g i Slagelse udf\u00f8rer alle former for anl\u00e6gsarbejde, kloakering, vejbygning og byggemodning. Vi l\u00e6gger stor v\u00e6gt p\u00e5 kvaliteten er i top hele vejen.<\/p><\/div><\/div><\/div><\/div><\/div><\/div><\/div><\/div>\t\t\t\t\t\t\t\t<\/div>\n\t\t\t\t<\/div>\n\t\t\t\t<\/div>\n\t\t\t\t\t<\/div>\n\t\t\t\t<\/div>\n\t\t<div class=\"elementor-element elementor-element-d7130ac e-flex e-con-boxed e-con e-parent\" data-id=\"d7130ac\" data-element_type=\"container\">\n\t\t\t\t\t<div class=\"e-con-inner\">\n\t\t<div class=\"elementor-element elementor-element-ccafcbf e-con-full e-flex e-con e-child\" data-id=\"ccafcbf\" data-element_type=\"container\">\n\t\t\t\t<div class=\"elementor-element elementor-element-de68dd8 elementor-widget elementor-widget-heading\" data-id=\"de68dd8\" data-element_type=\"widget\" data-widget_type=\"heading.default\">\n\t\t\t\t<div class=\"elementor-widget-container\">\n\t\t\t\t\t<h2 class=\"elementor-heading-title elementor-size-default\">ANL\u00c6GSARBEJDE<\/h2>\t\t\t\t<\/div>\n\t\t\t\t<\/div>\n\t\t\t\t<div class=\"elementor-element elementor-element-70acd4c elementor-widget elementor-widget-text-editor\" data-id=\"70acd4c\" data-element_type=\"widget\" data-widget_type=\"text-editor.default\">\n\t\t\t\t<div class=\"elementor-widget-container\">\n\t\t\t\t\t\t\t\t\t<p>KVK Byg og Anl\u00e6g ApS udf\u00f8rer alle former for anl\u00e6gsarbejde og l\u00f8ser s\u00e5vel store som sm\u00e5 opgaver inden for omr\u00e5der som kloakering, vejbygning og byggemodning m.m.<\/p><p>\u200bVi har mange \u00e5rs erfaring inden for anl\u00e6gsarbejde og har udf\u00f8rt en lang r\u00e6kke store projekter. Vi er derfor garant for en professionel planl\u00e6gning og styring, som danner grundlaget for et succesfuldt projekt.<\/p><p>\u200bVi s\u00e6tter en stor \u00e6re i, at vores entrepriser altid afleveres til rette tid, aftalte kvalitet og en konkurrencedygtig pris.<\/p><p><a href=\"https:\/\/kvkbyg.dk\/kontakt\">Kontakt os<\/a>\u00a0og lad os tale om, hvordan vi sammen bedst kommer videre med jeres projekt.<\/p>\t\t\t\t\t\t\t\t<\/div>\n\t\t\t\t<\/div>\n\t\t\t\t<\/div>\n\t\t<div class=\"elementor-element elementor-element-b5aa961 e-con-full e-flex e-con e-child\" data-id=\"b5aa961\" data-element_type=\"container\">\n\t\t\t\t<div class=\"elementor-element elementor-element-2b28655 elementor-widget elementor-widget-image\" data-id=\"2b28655\" data-element_type=\"widget\" data-widget_type=\"image.default\">\n\t\t\t\t<div class=\"elementor-widget-container\">\n\t\t\t\t\t\t\t\t\t\t\t\t\t\t\t<img fetchpriority=\"high\" decoding=\"async\" width=\"470\" height=\"503\" src=\"https:\/\/kvk.newsite.side-walk.dk\/wp-content\/uploads\/2025\/06\/anlaegsarbejde_641.jpg\" class=\"attachment-large size-large wp-image-208\" alt=\"\" srcset=\"https:\/\/kvk.newsite.side-walk.dk\/wp-content\/uploads\/2025\/06\/anlaegsarbejde_641.jpg 470w, https:\/\/kvk.newsite.side-walk.dk\/wp-content\/uploads\/2025\/06\/anlaegsarbejde_641-280x300.jpg 280w\" sizes=\"(max-width: 470px) 100vw, 470px\" \/>\t\t\t\t\t\t\t\t\t\t\t\t\t\t\t<\/div>\n\t\t\t\t<\/div>\n\t\t\t\t<\/div>\n\t\t\t\t\t<\/div>\n\t\t\t\t<\/div>\n\t\t\t\t<\/div>\n\t\t","protected":false},"excerpt":{"rendered":"<p>Vi tager imod alle opgaver inden for anl\u00e6gsarbejde KVK Byg og Anl\u00e6g i Slagelse udf\u00f8rer alle former for anl\u00e6gsarbejde, kloakering, vejbygning og byggemodning. Vi l\u00e6gger stor v\u00e6gt p\u00e5 kvaliteten er i top hele vejen. ANL\u00c6GSARBEJDE KVK Byg og Anl\u00e6g ApS udf\u00f8rer alle former for anl\u00e6gsarbejde og l\u00f8ser s\u00e5vel store som sm\u00e5 opgaver inden for omr\u00e5der [&hellip;]<\/p>\n","protected":false},"author":1,"featured_media":0,"parent":195,"menu_order":0,"comment_status":"closed","ping_status":"closed","template":"elementor_header_footer","meta":{"_acf_changed":false,"footnotes":""},"class_list":["post-205","page","type-page","status-publish","hentry"],"acf":[],"yoast_head":"<!-- This site is optimized with the Yoast SEO plugin v25.4 - https:\/\/yoast.com\/wordpress\/plugins\/seo\/ -->\n<title>Anl\u00e6gsarbejde i Slagelse - KVK Byg og Anl\u00e6g ApS - KVKbyg.dk<\/title>\n<meta name=\"description\" content=\"KVK Byg og Anl\u00e6g i Slagelse udf\u00f8rer alle former for anl\u00e6gsarbejde, kloakering, vejbygning og byggemodning. Vi l\u00e6gger stor v\u00e6gt p\u00e5 kvaliteten er i top hele vejen.\" \/>\n<meta name=\"robots\" content=\"noindex, follow, max-snippet:-1, max-image-preview:large, max-video-preview:-1\" \/>\n<meta property=\"og:locale\" content=\"da_DK\" \/>\n<meta property=\"og:type\" content=\"article\" \/>\n<meta property=\"og:title\" content=\"Anl\u00e6gsarbejde i Slagelse - KVK Byg og Anl\u00e6g ApS - KVKbyg.dk\" \/>\n<meta property=\"og:description\" content=\"KVK Byg og Anl\u00e6g i Slagelse udf\u00f8rer alle former for anl\u00e6gsarbejde, kloakering, vejbygning og byggemodning. Vi l\u00e6gger stor v\u00e6gt p\u00e5 kvaliteten er i top hele vejen.\" \/>\n<meta property=\"og:url\" content=\"https:\/\/kvk.newsite.side-walk.dk\/?page_id=205\" \/>\n<meta property=\"og:site_name\" content=\"Kvk byg\" \/>\n<meta property=\"article:modified_time\" content=\"2025-07-02T06:52:31+00:00\" \/>\n<meta property=\"og:image\" content=\"https:\/\/kvk.newsite.side-walk.dk\/wp-content\/uploads\/2025\/06\/anlaegsarbejde_641.jpg\" \/>\n\t<meta property=\"og:image:width\" content=\"470\" \/>\n\t<meta property=\"og:image:height\" content=\"503\" \/>\n\t<meta property=\"og:image:type\" content=\"image\/jpeg\" \/>\n<meta name=\"twitter:card\" content=\"summary_large_image\" \/>\n<meta name=\"twitter:label1\" content=\"Estimeret l\u00e6setid\" \/>\n\t<meta name=\"twitter:data1\" content=\"1 minut\" \/>\n<script type=\"application\/ld+json\" class=\"yoast-schema-graph\">{\"@context\":\"https:\/\/schema.org\",\"@graph\":[{\"@type\":\"WebPage\",\"@id\":\"https:\/\/kvk.newsite.side-walk.dk\/?page_id=205\",\"url\":\"https:\/\/kvk.newsite.side-walk.dk\/?page_id=205\",\"name\":\"Anl\u00e6gsarbejde i Slagelse - KVK Byg og Anl\u00e6g ApS - KVKbyg.dk\",\"isPartOf\":{\"@id\":\"https:\/\/kvk.newsite.side-walk.dk\/#website\"},\"primaryImageOfPage\":{\"@id\":\"https:\/\/kvk.newsite.side-walk.dk\/?page_id=205#primaryimage\"},\"image\":{\"@id\":\"https:\/\/kvk.newsite.side-walk.dk\/?page_id=205#primaryimage\"},\"thumbnailUrl\":\"https:\/\/kvk.newsite.side-walk.dk\/wp-content\/uploads\/2025\/06\/anlaegsarbejde_641.jpg\",\"datePublished\":\"2025-06-24T08:11:53+00:00\",\"dateModified\":\"2025-07-02T06:52:31+00:00\",\"description\":\"KVK Byg og Anl\u00e6g i Slagelse udf\u00f8rer alle former for anl\u00e6gsarbejde, kloakering, vejbygning og byggemodning. Vi l\u00e6gger stor v\u00e6gt p\u00e5 kvaliteten er i top hele vejen.\",\"breadcrumb\":{\"@id\":\"https:\/\/kvk.newsite.side-walk.dk\/?page_id=205#breadcrumb\"},\"inLanguage\":\"da-DK\",\"potentialAction\":[{\"@type\":\"ReadAction\",\"target\":[\"https:\/\/kvk.newsite.side-walk.dk\/?page_id=205\"]}]},{\"@type\":\"ImageObject\",\"inLanguage\":\"da-DK\",\"@id\":\"https:\/\/kvk.newsite.side-walk.dk\/?page_id=205#primaryimage\",\"url\":\"https:\/\/kvk.newsite.side-walk.dk\/wp-content\/uploads\/2025\/06\/anlaegsarbejde_641.jpg\",\"contentUrl\":\"https:\/\/kvk.newsite.side-walk.dk\/wp-content\/uploads\/2025\/06\/anlaegsarbejde_641.jpg\",\"width\":470,\"height\":503},{\"@type\":\"BreadcrumbList\",\"@id\":\"https:\/\/kvk.newsite.side-walk.dk\/?page_id=205#breadcrumb\",\"itemListElement\":[{\"@type\":\"ListItem\",\"position\":1,\"name\":\"Hjem\",\"item\":\"https:\/\/kvk.newsite.side-walk.dk\/\"},{\"@type\":\"ListItem\",\"position\":2,\"name\":\"Entrepren\u00f8rarbejde\",\"item\":\"https:\/\/kvk.newsite.side-walk.dk\/?page_id=195\"},{\"@type\":\"ListItem\",\"position\":3,\"name\":\"Anl\u00e6gsarbejde\"}]},{\"@type\":\"WebSite\",\"@id\":\"https:\/\/kvk.newsite.side-walk.dk\/#website\",\"url\":\"https:\/\/kvk.newsite.side-walk.dk\/\",\"name\":\"Kvk byg\",\"description\":\"\",\"publisher\":{\"@id\":\"https:\/\/kvk.newsite.side-walk.dk\/#organization\"},\"potentialAction\":[{\"@type\":\"SearchAction\",\"target\":{\"@type\":\"EntryPoint\",\"urlTemplate\":\"https:\/\/kvk.newsite.side-walk.dk\/?s={search_term_string}\"},\"query-input\":{\"@type\":\"PropertyValueSpecification\",\"valueRequired\":true,\"valueName\":\"search_term_string\"}}],\"inLanguage\":\"da-DK\"},{\"@type\":\"Organization\",\"@id\":\"https:\/\/kvk.newsite.side-walk.dk\/#organization\",\"name\":\"Kvk byg\",\"url\":\"https:\/\/kvk.newsite.side-walk.dk\/\",\"logo\":{\"@type\":\"ImageObject\",\"inLanguage\":\"da-DK\",\"@id\":\"https:\/\/kvk.newsite.side-walk.dk\/#\/schema\/logo\/image\/\",\"url\":\"https:\/\/kvk.newsite.side-walk.dk\/wp-content\/uploads\/2025\/06\/Logo.png\",\"contentUrl\":\"https:\/\/kvk.newsite.side-walk.dk\/wp-content\/uploads\/2025\/06\/Logo.png\",\"width\":119,\"height\":108,\"caption\":\"Kvk byg\"},\"image\":{\"@id\":\"https:\/\/kvk.newsite.side-walk.dk\/#\/schema\/logo\/image\/\"}}]}<\/script>\n<!-- \/ Yoast SEO plugin. -->","yoast_head_json":{"title":"Anl\u00e6gsarbejde i Slagelse - KVK Byg og Anl\u00e6g ApS - KVKbyg.dk","description":"KVK Byg og Anl\u00e6g i Slagelse udf\u00f8rer alle former for anl\u00e6gsarbejde, kloakering, vejbygning og byggemodning. Vi l\u00e6gger stor v\u00e6gt p\u00e5 kvaliteten er i top hele vejen.","robots":{"index":"noindex","follow":"follow","max-snippet":"max-snippet:-1","max-image-preview":"max-image-preview:large","max-video-preview":"max-video-preview:-1"},"og_locale":"da_DK","og_type":"article","og_title":"Anl\u00e6gsarbejde i Slagelse - KVK Byg og Anl\u00e6g ApS - KVKbyg.dk","og_description":"KVK Byg og Anl\u00e6g i Slagelse udf\u00f8rer alle former for anl\u00e6gsarbejde, kloakering, vejbygning og byggemodning. Vi l\u00e6gger stor v\u00e6gt p\u00e5 kvaliteten er i top hele vejen.","og_url":"https:\/\/kvk.newsite.side-walk.dk\/?page_id=205","og_site_name":"Kvk byg","article_modified_time":"2025-07-02T06:52:31+00:00","og_image":[{"width":470,"height":503,"url":"https:\/\/kvk.newsite.side-walk.dk\/wp-content\/uploads\/2025\/06\/anlaegsarbejde_641.jpg","type":"image\/jpeg"}],"twitter_card":"summary_large_image","twitter_misc":{"Estimeret l\u00e6setid":"1 minut"},"schema":{"@context":"https:\/\/schema.org","@graph":[{"@type":"WebPage","@id":"https:\/\/kvk.newsite.side-walk.dk\/?page_id=205","url":"https:\/\/kvk.newsite.side-walk.dk\/?page_id=205","name":"Anl\u00e6gsarbejde i Slagelse - KVK Byg og Anl\u00e6g ApS - KVKbyg.dk","isPartOf":{"@id":"https:\/\/kvk.newsite.side-walk.dk\/#website"},"primaryImageOfPage":{"@id":"https:\/\/kvk.newsite.side-walk.dk\/?page_id=205#primaryimage"},"image":{"@id":"https:\/\/kvk.newsite.side-walk.dk\/?page_id=205#primaryimage"},"thumbnailUrl":"https:\/\/kvk.newsite.side-walk.dk\/wp-content\/uploads\/2025\/06\/anlaegsarbejde_641.jpg","datePublished":"2025-06-24T08:11:53+00:00","dateModified":"2025-07-02T06:52:31+00:00","description":"KVK Byg og Anl\u00e6g i Slagelse udf\u00f8rer alle former for anl\u00e6gsarbejde, kloakering, vejbygning og byggemodning. Vi l\u00e6gger stor v\u00e6gt p\u00e5 kvaliteten er i top hele vejen.","breadcrumb":{"@id":"https:\/\/kvk.newsite.side-walk.dk\/?page_id=205#breadcrumb"},"inLanguage":"da-DK","potentialAction":[{"@type":"ReadAction","target":["https:\/\/kvk.newsite.side-walk.dk\/?page_id=205"]}]},{"@type":"ImageObject","inLanguage":"da-DK","@id":"https:\/\/kvk.newsite.side-walk.dk\/?page_id=205#primaryimage","url":"https:\/\/kvk.newsite.side-walk.dk\/wp-content\/uploads\/2025\/06\/anlaegsarbejde_641.jpg","contentUrl":"https:\/\/kvk.newsite.side-walk.dk\/wp-content\/uploads\/2025\/06\/anlaegsarbejde_641.jpg","width":470,"height":503},{"@type":"BreadcrumbList","@id":"https:\/\/kvk.newsite.side-walk.dk\/?page_id=205#breadcrumb","itemListElement":[{"@type":"ListItem","position":1,"name":"Hjem","item":"https:\/\/kvk.newsite.side-walk.dk\/"},{"@type":"ListItem","position":2,"name":"Entrepren\u00f8rarbejde","item":"https:\/\/kvk.newsite.side-walk.dk\/?page_id=195"},{"@type":"ListItem","position":3,"name":"Anl\u00e6gsarbejde"}]},{"@type":"WebSite","@id":"https:\/\/kvk.newsite.side-walk.dk\/#website","url":"https:\/\/kvk.newsite.side-walk.dk\/","name":"Kvk byg","description":"","publisher":{"@id":"https:\/\/kvk.newsite.side-walk.dk\/#organization"},"potentialAction":[{"@type":"SearchAction","target":{"@type":"EntryPoint","urlTemplate":"https:\/\/kvk.newsite.side-walk.dk\/?s={search_term_string}"},"query-input":{"@type":"PropertyValueSpecification","valueRequired":true,"valueName":"search_term_string"}}],"inLanguage":"da-DK"},{"@type":"Organization","@id":"https:\/\/kvk.newsite.side-walk.dk\/#organization","name":"Kvk byg","url":"https:\/\/kvk.newsite.side-walk.dk\/","logo":{"@type":"ImageObject","inLanguage":"da-DK","@id":"https:\/\/kvk.newsite.side-walk.dk\/#\/schema\/logo\/image\/","url":"https:\/\/kvk.newsite.side-walk.dk\/wp-content\/uploads\/2025\/06\/Logo.png","contentUrl":"https:\/\/kvk.newsite.side-walk.dk\/wp-content\/uploads\/2025\/06\/Logo.png","width":119,"height":108,"caption":"Kvk byg"},"image":{"@id":"https:\/\/kvk.newsite.side-walk.dk\/#\/schema\/logo\/image\/"}}]}},"_links":{"self":[{"href":"https:\/\/kvk.newsite.side-walk.dk\/index.php?rest_route=\/wp\/v2\/pages\/205","targetHints":{"allow":["GET"]}}],"collection":[{"href":"https:\/\/kvk.newsite.side-walk.dk\/index.php?rest_route=\/wp\/v2\/pages"}],"about":[{"href":"https:\/\/kvk.newsite.side-walk.dk\/index.php?rest_route=\/wp\/v2\/types\/page"}],"author":[{"embeddable":true,"href":"https:\/\/kvk.newsite.side-walk.dk\/index.php?rest_route=\/wp\/v2\/users\/1"}],"replies":[{"embeddable":true,"href":"https:\/\/kvk.newsite.side-walk.dk\/index.php?rest_route=%2Fwp%2Fv2%2Fcomments&post=205"}],"version-history":[{"count":5,"href":"https:\/\/kvk.newsite.side-walk.dk\/index.php?rest_route=\/wp\/v2\/pages\/205\/revisions"}],"predecessor-version":[{"id":458,"href":"https:\/\/kvk.newsite.side-walk.dk\/index.php?rest_route=\/wp\/v2\/pages\/205\/revisions\/458"}],"up":[{"embeddable":true,"href":"https:\/\/kvk.newsite.side-walk.dk\/index.php?rest_route=\/wp\/v2\/pages\/195"}],"wp:attachment":[{"href":"https:\/\/kvk.newsite.side-walk.dk\/index.php?rest_route=%2Fwp%2Fv2%2Fmedia&parent=205"}],"curies":[{"name":"wp","href":"https:\/\/api.w.org\/{rel}","templated":true}]}}