{"id":195,"date":"2025-06-24T09:04:30","date_gmt":"2025-06-24T07:04:30","guid":{"rendered":"https:\/\/kvk.newsite.side-walk.dk\/?page_id=195"},"modified":"2025-07-02T08:52:05","modified_gmt":"2025-07-02T06:52:05","slug":"entreprenoerarbejde","status":"publish","type":"page","link":"https:\/\/kvk.newsite.side-walk.dk\/?page_id=195","title":{"rendered":"Entrepren\u00f8rarbejde"},"content":{"rendered":"\t\t<div data-elementor-type=\"wp-page\" data-elementor-id=\"195\" class=\"elementor elementor-195\" data-elementor-post-type=\"page\">\n\t\t\t\t<div class=\"elementor-element elementor-element-eb3b0e2 e-flex e-con-boxed e-con e-parent\" data-id=\"eb3b0e2\" data-element_type=\"container\" data-settings=\"{&quot;background_background&quot;:&quot;classic&quot;}\">\n\t\t\t\t\t<div class=\"e-con-inner\">\n\t\t<div class=\"elementor-element elementor-element-5ed98f6 e-con-full e-flex e-con e-child\" data-id=\"5ed98f6\" data-element_type=\"container\">\n\t\t\t\t<div class=\"elementor-element elementor-element-2f111b3 elementor-widget elementor-widget-heading\" data-id=\"2f111b3\" data-element_type=\"widget\" data-widget_type=\"heading.default\">\n\t\t\t\t<div class=\"elementor-widget-container\">\n\t\t\t\t\t<h1 class=\"elementor-heading-title elementor-size-default\">Vi tager imod<br>\n<span style=\"color:#F1AD44\">alle opgaver<\/span> inden <br>\nfor entrepren\u00f8rarbejde<\/h1>\t\t\t\t<\/div>\n\t\t\t\t<\/div>\n\t\t\t\t<div class=\"elementor-element elementor-element-dadc255 elementor-widget__width-initial elementor-widget-tablet__width-inherit elementor-widget-mobile__width-inherit elementor-widget elementor-widget-text-editor\" data-id=\"dadc255\" data-element_type=\"widget\" data-widget_type=\"text-editor.default\">\n\t\t\t\t<div class=\"elementor-widget-container\">\n\t\t\t\t\t\t\t\t\t<div class=\"subpage-top-left col-lg-6 col-12\"><div id=\"c20\" class=\"frame frame-default frame-type-text frame-layout-0 frame-background-none frame-no-backgroundimage frame-space-before-none frame-space-after-none\"><div class=\"frame-container\"><div class=\"frame-inner\"><div class=\"subpage-top-left col-lg-6 col-12\"><div id=\"c54\" class=\"frame frame-default frame-type-text frame-layout-0 frame-background-none frame-no-backgroundimage frame-space-before-none frame-space-after-none\"><div class=\"frame-container\"><div class=\"frame-inner\"><p>KVK Byg og Anl\u00e6g i Slagelse udf\u00f8rer alle st\u00f8rre entrepren\u00f8r opgaver inden for byggeri og anl\u00e6gsarbejde. Vi l\u00e6gger stor v\u00e6gt p\u00e5 kvaliteten er i top hele vejen.<\/p><\/div><\/div><\/div><\/div><\/div><\/div><\/div><\/div>\t\t\t\t\t\t\t\t<\/div>\n\t\t\t\t<\/div>\n\t\t\t\t<\/div>\n\t\t\t\t\t<\/div>\n\t\t\t\t<\/div>\n\t\t<div class=\"elementor-element elementor-element-b36f3aa e-flex e-con-boxed e-con e-parent\" data-id=\"b36f3aa\" data-element_type=\"container\">\n\t\t\t\t\t<div class=\"e-con-inner\">\n\t\t<div class=\"elementor-element elementor-element-1a94632 e-con-full e-flex e-con e-child\" data-id=\"1a94632\" data-element_type=\"container\">\n\t\t\t\t<div class=\"elementor-element elementor-element-17dded7 elementor-widget elementor-widget-heading\" data-id=\"17dded7\" data-element_type=\"widget\" data-widget_type=\"heading.default\">\n\t\t\t\t<div class=\"elementor-widget-container\">\n\t\t\t\t\t<h2 class=\"elementor-heading-title elementor-size-default\">Entrepren\u00f8rarbejde\n<\/h2>\t\t\t\t<\/div>\n\t\t\t\t<\/div>\n\t\t\t\t<div class=\"elementor-element elementor-element-b71ed37 elementor-widget elementor-widget-text-editor\" data-id=\"b71ed37\" data-element_type=\"widget\" data-widget_type=\"text-editor.default\">\n\t\t\t\t<div class=\"elementor-widget-container\">\n\t\t\t\t\t\t\t\t\t<p>KVK Byg og Anl\u00e6g ApS udf\u00f8rer alle st\u00f8rre opgaver inden for byggeri og anl\u00e6gsarbejder.<\/p><p>Vi l\u00e6gger v\u00e6gt p\u00e5, at kvaliteten er i top hele vejen, og at vores kunder oplever en god service med klare aftaler<\/p><p>Igennem mange \u00e5r har vi l\u00f8st opgaver for b\u00e5de offentlige og private virksomheder, der \u00f8nsker et funktionelt og \u00e6stetisk byggeri i kvalitetsmaterialer.<\/p><p>Vi indg\u00e5r altid en klar skriftlig aftale med vores kunder, s\u00e5 alle er indforst\u00e5et med opgaverne og planerne og vi undg\u00e5r misforst\u00e5elser.<\/p><p>L\u00e6s mere om vores entrepren\u00f8rarbejde her p\u00e5 siden eller kontakt os for at h\u00f8re n\u00e6rmere.<\/p>\t\t\t\t\t\t\t\t<\/div>\n\t\t\t\t<\/div>\n\t\t\t\t<\/div>\n\t\t\t\t\t<\/div>\n\t\t\t\t<\/div>\n\t\t\t\t<\/div>\n\t\t","protected":false},"excerpt":{"rendered":"<p>Vi tager imod alle opgaver inden for entrepren\u00f8rarbejde KVK Byg og Anl\u00e6g i Slagelse udf\u00f8rer alle st\u00f8rre entrepren\u00f8r opgaver inden for byggeri og anl\u00e6gsarbejde. Vi l\u00e6gger stor v\u00e6gt p\u00e5 kvaliteten er i top hele vejen. Entrepren\u00f8rarbejde KVK Byg og Anl\u00e6g ApS udf\u00f8rer alle st\u00f8rre opgaver inden for byggeri og anl\u00e6gsarbejder. Vi l\u00e6gger v\u00e6gt p\u00e5, at [&hellip;]<\/p>\n","protected":false},"author":1,"featured_media":0,"parent":0,"menu_order":0,"comment_status":"closed","ping_status":"closed","template":"elementor_header_footer","meta":{"_acf_changed":false,"footnotes":""},"class_list":["post-195","page","type-page","status-publish","hentry"],"acf":[],"yoast_head":"<!-- This site is optimized with the Yoast SEO plugin v25.4 - https:\/\/yoast.com\/wordpress\/plugins\/seo\/ -->\n<title>Entrepren\u00f8rarbejde i Slagelse - KVK Byg og Anl\u00e6g ApS - KVKbyg.dk<\/title>\n<meta name=\"description\" content=\"KVK Byg og Anl\u00e6g i Slagelse udf\u00f8rer alle st\u00f8rre entrepren\u00f8r opgaver inden for byggeri og anl\u00e6gsarbejde. Vi l\u00e6gger stor v\u00e6gt p\u00e5 kvaliteten er i top hele vejen.\" \/>\n<meta name=\"robots\" content=\"noindex, follow, max-snippet:-1, max-image-preview:large, max-video-preview:-1\" \/>\n<meta property=\"og:locale\" content=\"da_DK\" \/>\n<meta property=\"og:type\" content=\"article\" \/>\n<meta property=\"og:title\" content=\"Entrepren\u00f8rarbejde i Slagelse - KVK Byg og Anl\u00e6g ApS - KVKbyg.dk\" \/>\n<meta property=\"og:description\" content=\"KVK Byg og Anl\u00e6g i Slagelse udf\u00f8rer alle st\u00f8rre entrepren\u00f8r opgaver inden for byggeri og anl\u00e6gsarbejde. Vi l\u00e6gger stor v\u00e6gt p\u00e5 kvaliteten er i top hele vejen.\" \/>\n<meta property=\"og:url\" content=\"https:\/\/kvk.newsite.side-walk.dk\/?page_id=195\" \/>\n<meta property=\"og:site_name\" content=\"Kvk byg\" \/>\n<meta property=\"article:modified_time\" content=\"2025-07-02T06:52:05+00:00\" \/>\n<meta name=\"twitter:card\" content=\"summary_large_image\" \/>\n<meta name=\"twitter:label1\" content=\"Estimeret l\u00e6setid\" \/>\n\t<meta name=\"twitter:data1\" content=\"1 minut\" \/>\n<script type=\"application\/ld+json\" class=\"yoast-schema-graph\">{\"@context\":\"https:\/\/schema.org\",\"@graph\":[{\"@type\":\"WebPage\",\"@id\":\"https:\/\/kvk.newsite.side-walk.dk\/?page_id=195\",\"url\":\"https:\/\/kvk.newsite.side-walk.dk\/?page_id=195\",\"name\":\"Entrepren\u00f8rarbejde i Slagelse - KVK Byg og Anl\u00e6g ApS - KVKbyg.dk\",\"isPartOf\":{\"@id\":\"https:\/\/kvk.newsite.side-walk.dk\/#website\"},\"datePublished\":\"2025-06-24T07:04:30+00:00\",\"dateModified\":\"2025-07-02T06:52:05+00:00\",\"description\":\"KVK Byg og Anl\u00e6g i Slagelse udf\u00f8rer alle st\u00f8rre entrepren\u00f8r opgaver inden for byggeri og anl\u00e6gsarbejde. Vi l\u00e6gger stor v\u00e6gt p\u00e5 kvaliteten er i top hele vejen.\",\"breadcrumb\":{\"@id\":\"https:\/\/kvk.newsite.side-walk.dk\/?page_id=195#breadcrumb\"},\"inLanguage\":\"da-DK\",\"potentialAction\":[{\"@type\":\"ReadAction\",\"target\":[\"https:\/\/kvk.newsite.side-walk.dk\/?page_id=195\"]}]},{\"@type\":\"BreadcrumbList\",\"@id\":\"https:\/\/kvk.newsite.side-walk.dk\/?page_id=195#breadcrumb\",\"itemListElement\":[{\"@type\":\"ListItem\",\"position\":1,\"name\":\"Hjem\",\"item\":\"https:\/\/kvk.newsite.side-walk.dk\/\"},{\"@type\":\"ListItem\",\"position\":2,\"name\":\"Entrepren\u00f8rarbejde\"}]},{\"@type\":\"WebSite\",\"@id\":\"https:\/\/kvk.newsite.side-walk.dk\/#website\",\"url\":\"https:\/\/kvk.newsite.side-walk.dk\/\",\"name\":\"Kvk byg\",\"description\":\"\",\"publisher\":{\"@id\":\"https:\/\/kvk.newsite.side-walk.dk\/#organization\"},\"potentialAction\":[{\"@type\":\"SearchAction\",\"target\":{\"@type\":\"EntryPoint\",\"urlTemplate\":\"https:\/\/kvk.newsite.side-walk.dk\/?s={search_term_string}\"},\"query-input\":{\"@type\":\"PropertyValueSpecification\",\"valueRequired\":true,\"valueName\":\"search_term_string\"}}],\"inLanguage\":\"da-DK\"},{\"@type\":\"Organization\",\"@id\":\"https:\/\/kvk.newsite.side-walk.dk\/#organization\",\"name\":\"Kvk byg\",\"url\":\"https:\/\/kvk.newsite.side-walk.dk\/\",\"logo\":{\"@type\":\"ImageObject\",\"inLanguage\":\"da-DK\",\"@id\":\"https:\/\/kvk.newsite.side-walk.dk\/#\/schema\/logo\/image\/\",\"url\":\"https:\/\/kvk.newsite.side-walk.dk\/wp-content\/uploads\/2025\/06\/Logo.png\",\"contentUrl\":\"https:\/\/kvk.newsite.side-walk.dk\/wp-content\/uploads\/2025\/06\/Logo.png\",\"width\":119,\"height\":108,\"caption\":\"Kvk byg\"},\"image\":{\"@id\":\"https:\/\/kvk.newsite.side-walk.dk\/#\/schema\/logo\/image\/\"}}]}<\/script>\n<!-- \/ Yoast SEO plugin. -->","yoast_head_json":{"title":"Entrepren\u00f8rarbejde i Slagelse - KVK Byg og Anl\u00e6g ApS - KVKbyg.dk","description":"KVK Byg og Anl\u00e6g i Slagelse udf\u00f8rer alle st\u00f8rre entrepren\u00f8r opgaver inden for byggeri og anl\u00e6gsarbejde. Vi l\u00e6gger stor v\u00e6gt p\u00e5 kvaliteten er i top hele vejen.","robots":{"index":"noindex","follow":"follow","max-snippet":"max-snippet:-1","max-image-preview":"max-image-preview:large","max-video-preview":"max-video-preview:-1"},"og_locale":"da_DK","og_type":"article","og_title":"Entrepren\u00f8rarbejde i Slagelse - KVK Byg og Anl\u00e6g ApS - KVKbyg.dk","og_description":"KVK Byg og Anl\u00e6g i Slagelse udf\u00f8rer alle st\u00f8rre entrepren\u00f8r opgaver inden for byggeri og anl\u00e6gsarbejde. Vi l\u00e6gger stor v\u00e6gt p\u00e5 kvaliteten er i top hele vejen.","og_url":"https:\/\/kvk.newsite.side-walk.dk\/?page_id=195","og_site_name":"Kvk byg","article_modified_time":"2025-07-02T06:52:05+00:00","twitter_card":"summary_large_image","twitter_misc":{"Estimeret l\u00e6setid":"1 minut"},"schema":{"@context":"https:\/\/schema.org","@graph":[{"@type":"WebPage","@id":"https:\/\/kvk.newsite.side-walk.dk\/?page_id=195","url":"https:\/\/kvk.newsite.side-walk.dk\/?page_id=195","name":"Entrepren\u00f8rarbejde i Slagelse - KVK Byg og Anl\u00e6g ApS - KVKbyg.dk","isPartOf":{"@id":"https:\/\/kvk.newsite.side-walk.dk\/#website"},"datePublished":"2025-06-24T07:04:30+00:00","dateModified":"2025-07-02T06:52:05+00:00","description":"KVK Byg og Anl\u00e6g i Slagelse udf\u00f8rer alle st\u00f8rre entrepren\u00f8r opgaver inden for byggeri og anl\u00e6gsarbejde. Vi l\u00e6gger stor v\u00e6gt p\u00e5 kvaliteten er i top hele vejen.","breadcrumb":{"@id":"https:\/\/kvk.newsite.side-walk.dk\/?page_id=195#breadcrumb"},"inLanguage":"da-DK","potentialAction":[{"@type":"ReadAction","target":["https:\/\/kvk.newsite.side-walk.dk\/?page_id=195"]}]},{"@type":"BreadcrumbList","@id":"https:\/\/kvk.newsite.side-walk.dk\/?page_id=195#breadcrumb","itemListElement":[{"@type":"ListItem","position":1,"name":"Hjem","item":"https:\/\/kvk.newsite.side-walk.dk\/"},{"@type":"ListItem","position":2,"name":"Entrepren\u00f8rarbejde"}]},{"@type":"WebSite","@id":"https:\/\/kvk.newsite.side-walk.dk\/#website","url":"https:\/\/kvk.newsite.side-walk.dk\/","name":"Kvk byg","description":"","publisher":{"@id":"https:\/\/kvk.newsite.side-walk.dk\/#organization"},"potentialAction":[{"@type":"SearchAction","target":{"@type":"EntryPoint","urlTemplate":"https:\/\/kvk.newsite.side-walk.dk\/?s={search_term_string}"},"query-input":{"@type":"PropertyValueSpecification","valueRequired":true,"valueName":"search_term_string"}}],"inLanguage":"da-DK"},{"@type":"Organization","@id":"https:\/\/kvk.newsite.side-walk.dk\/#organization","name":"Kvk byg","url":"https:\/\/kvk.newsite.side-walk.dk\/","logo":{"@type":"ImageObject","inLanguage":"da-DK","@id":"https:\/\/kvk.newsite.side-walk.dk\/#\/schema\/logo\/image\/","url":"https:\/\/kvk.newsite.side-walk.dk\/wp-content\/uploads\/2025\/06\/Logo.png","contentUrl":"https:\/\/kvk.newsite.side-walk.dk\/wp-content\/uploads\/2025\/06\/Logo.png","width":119,"height":108,"caption":"Kvk byg"},"image":{"@id":"https:\/\/kvk.newsite.side-walk.dk\/#\/schema\/logo\/image\/"}}]}},"_links":{"self":[{"href":"https:\/\/kvk.newsite.side-walk.dk\/index.php?rest_route=\/wp\/v2\/pages\/195","targetHints":{"allow":["GET"]}}],"collection":[{"href":"https:\/\/kvk.newsite.side-walk.dk\/index.php?rest_route=\/wp\/v2\/pages"}],"about":[{"href":"https:\/\/kvk.newsite.side-walk.dk\/index.php?rest_route=\/wp\/v2\/types\/page"}],"author":[{"embeddable":true,"href":"https:\/\/kvk.newsite.side-walk.dk\/index.php?rest_route=\/wp\/v2\/users\/1"}],"replies":[{"embeddable":true,"href":"https:\/\/kvk.newsite.side-walk.dk\/index.php?rest_route=%2Fwp%2Fv2%2Fcomments&post=195"}],"version-history":[{"count":5,"href":"https:\/\/kvk.newsite.side-walk.dk\/index.php?rest_route=\/wp\/v2\/pages\/195\/revisions"}],"predecessor-version":[{"id":455,"href":"https:\/\/kvk.newsite.side-walk.dk\/index.php?rest_route=\/wp\/v2\/pages\/195\/revisions\/455"}],"wp:attachment":[{"href":"https:\/\/kvk.newsite.side-walk.dk\/index.php?rest_route=%2Fwp%2Fv2%2Fmedia&parent=195"}],"curies":[{"name":"wp","href":"https:\/\/api.w.org\/{rel}","templated":true}]}}