{"id":191,"date":"2025-06-24T09:00:06","date_gmt":"2025-06-24T07:00:06","guid":{"rendered":"https:\/\/kvk.newsite.side-walk.dk\/?page_id=191"},"modified":"2025-07-02T08:51:33","modified_gmt":"2025-07-02T06:51:33","slug":"badevaerelser","status":"publish","type":"page","link":"https:\/\/kvk.newsite.side-walk.dk\/?page_id=191","title":{"rendered":"Badev\u00e6relser"},"content":{"rendered":"\t\t<div data-elementor-type=\"wp-page\" data-elementor-id=\"191\" class=\"elementor elementor-191\" data-elementor-post-type=\"page\">\n\t\t\t\t<div class=\"elementor-element elementor-element-d069e22 e-flex e-con-boxed e-con e-parent\" data-id=\"d069e22\" data-element_type=\"container\" data-settings=\"{&quot;background_background&quot;:&quot;classic&quot;}\">\n\t\t\t\t\t<div class=\"e-con-inner\">\n\t\t<div class=\"elementor-element elementor-element-d60643f e-con-full e-flex e-con e-child\" data-id=\"d60643f\" data-element_type=\"container\">\n\t\t\t\t<div class=\"elementor-element elementor-element-bb36f57 elementor-widget__width-initial elementor-widget-mobile__width-inherit elementor-widget elementor-widget-heading\" data-id=\"bb36f57\" data-element_type=\"widget\" data-widget_type=\"heading.default\">\n\t\t\t\t<div class=\"elementor-widget-container\">\n\t\t\t\t\t<h1 class=\"elementor-heading-title elementor-size-default\">Vi tager imod<br>\n<span style=\"color:#F1AD44\">alle opgaver<\/span> inden <br>\nfor badev\u00e6relser for private og erhverv.<\/h1>\t\t\t\t<\/div>\n\t\t\t\t<\/div>\n\t\t\t\t<div class=\"elementor-element elementor-element-60af0a1 elementor-widget__width-initial elementor-widget-tablet__width-inherit elementor-widget-mobile__width-inherit elementor-widget elementor-widget-text-editor\" data-id=\"60af0a1\" data-element_type=\"widget\" data-widget_type=\"text-editor.default\">\n\t\t\t\t<div class=\"elementor-widget-container\">\n\t\t\t\t\t\t\t\t\t<div class=\"subpage-top-left col-lg-6 col-12\"><div id=\"c20\" class=\"frame frame-default frame-type-text frame-layout-0 frame-background-none frame-no-backgroundimage frame-space-before-none frame-space-after-none\"><div class=\"frame-container\"><div class=\"frame-inner\"><div class=\"subpage-top-left col-lg-6 col-12\"><div id=\"c54\" class=\"frame frame-default frame-type-text frame-layout-0 frame-background-none frame-no-backgroundimage frame-space-before-none frame-space-after-none\"><div class=\"frame-container\"><div class=\"frame-inner\"><p>KVK Byg og Anl\u00e6g ApS har i mange \u00e5r arbejdet med b\u00e5de istands\u00e6ttelse af gamle badev\u00e6relser og ops\u00e6tning af nye badev\u00e6relser. L\u00e6s mere her.<\/p><\/div><\/div><\/div><\/div><\/div><\/div><\/div><\/div>\t\t\t\t\t\t\t\t<\/div>\n\t\t\t\t<\/div>\n\t\t\t\t<\/div>\n\t\t\t\t\t<\/div>\n\t\t\t\t<\/div>\n\t\t<div class=\"elementor-element elementor-element-4b1fa2c e-flex e-con-boxed e-con e-parent\" data-id=\"4b1fa2c\" data-element_type=\"container\">\n\t\t\t\t\t<div class=\"e-con-inner\">\n\t\t<div class=\"elementor-element elementor-element-870fcf0 e-con-full e-flex e-con e-child\" data-id=\"870fcf0\" data-element_type=\"container\">\n\t\t\t\t<div class=\"elementor-element elementor-element-7fb41b6 elementor-widget elementor-widget-heading\" data-id=\"7fb41b6\" data-element_type=\"widget\" data-widget_type=\"heading.default\">\n\t\t\t\t<div class=\"elementor-widget-container\">\n\t\t\t\t\t<h2 class=\"elementor-heading-title elementor-size-default\">BADEV\u00c6RELSER<\/h2>\t\t\t\t<\/div>\n\t\t\t\t<\/div>\n\t\t\t\t<div class=\"elementor-element elementor-element-080fdfe elementor-widget elementor-widget-text-editor\" data-id=\"080fdfe\" data-element_type=\"widget\" data-widget_type=\"text-editor.default\">\n\t\t\t\t<div class=\"elementor-widget-container\">\n\t\t\t\t\t\t\t\t\t<p>KVK Byg og Anl\u00e6g ApS har i mange \u00e5r arbejdet med b\u00e5de istands\u00e6ttelse af gamle badev\u00e6relser og ops\u00e6tning af nye badev\u00e6relser.\u00a0<\/p><p>\u200bVi kan s\u00e5ledes tilbyde en stor ekspertise, hvis badev\u00e6relset tr\u00e6nger til en st\u00f8rre omv\u00e6ltning, hvor der skal v\u00e6re fokus p\u00e5 stil, funktion og kvalitet.<\/p><p>\u200bMen vi klarer ogs\u00e5 de mange sm\u00e5 opgaver og l\u00f8ser problemerne hurtigt, effektivt og til en konkurrencedygtig pris.<\/p><p>\u200b<a href=\"https:\/\/kvkbyg.dk\/kontakt\">Kontakt os<\/a>\u00a0med dine sp\u00f8rgsm\u00e5l eller for at f\u00e5 et uforpligtende tilbud p\u00e5 en konkret opgave.\u200b<\/p>\t\t\t\t\t\t\t\t<\/div>\n\t\t\t\t<\/div>\n\t\t\t\t<\/div>\n\t\t<div class=\"elementor-element elementor-element-d30704f e-con-full e-flex e-con e-child\" data-id=\"d30704f\" data-element_type=\"container\">\n\t\t\t\t<div class=\"elementor-element elementor-element-9f0662b elementor-widget elementor-widget-image\" data-id=\"9f0662b\" data-element_type=\"widget\" data-widget_type=\"image.default\">\n\t\t\t\t<div class=\"elementor-widget-container\">\n\t\t\t\t\t\t\t\t\t\t\t\t\t\t\t<img fetchpriority=\"high\" decoding=\"async\" width=\"470\" height=\"503\" src=\"https:\/\/kvk.newsite.side-walk.dk\/wp-content\/uploads\/2025\/06\/badevaerelser_663.jpg\" class=\"attachment-large size-large wp-image-270\" alt=\"\" srcset=\"https:\/\/kvk.newsite.side-walk.dk\/wp-content\/uploads\/2025\/06\/badevaerelser_663.jpg 470w, https:\/\/kvk.newsite.side-walk.dk\/wp-content\/uploads\/2025\/06\/badevaerelser_663-280x300.jpg 280w\" sizes=\"(max-width: 470px) 100vw, 470px\" \/>\t\t\t\t\t\t\t\t\t\t\t\t\t\t\t<\/div>\n\t\t\t\t<\/div>\n\t\t\t\t<\/div>\n\t\t\t\t\t<\/div>\n\t\t\t\t<\/div>\n\t\t\t\t<\/div>\n\t\t","protected":false},"excerpt":{"rendered":"<p>Vi tager imod alle opgaver inden for badev\u00e6relser for private og erhverv. KVK Byg og Anl\u00e6g ApS har i mange \u00e5r arbejdet med b\u00e5de istands\u00e6ttelse af gamle badev\u00e6relser og ops\u00e6tning af nye badev\u00e6relser. L\u00e6s mere her. BADEV\u00c6RELSER KVK Byg og Anl\u00e6g ApS har i mange \u00e5r arbejdet med b\u00e5de istands\u00e6ttelse af gamle badev\u00e6relser og ops\u00e6tning [&hellip;]<\/p>\n","protected":false},"author":1,"featured_media":0,"parent":31,"menu_order":0,"comment_status":"closed","ping_status":"closed","template":"elementor_header_footer","meta":{"_acf_changed":false,"footnotes":""},"class_list":["post-191","page","type-page","status-publish","hentry"],"acf":[],"yoast_head":"<!-- This site is optimized with the Yoast SEO plugin v25.4 - https:\/\/yoast.com\/wordpress\/plugins\/seo\/ -->\n<title>Badev\u00e6relsesl\u00f8sninger i Slagelse | T\u00f8mrerarbejde p\u00e5 badev\u00e6relse - KVKbyg.dk<\/title>\n<meta name=\"description\" content=\"KVK Byg og Anl\u00e6g ApS har i mange \u00e5r arbejdet med b\u00e5de istands\u00e6ttelse af gamle badev\u00e6relser og ops\u00e6tning af nye badev\u00e6relser. L\u00e6s mere her.\" \/>\n<meta name=\"robots\" content=\"noindex, follow, max-snippet:-1, max-image-preview:large, max-video-preview:-1\" \/>\n<meta property=\"og:locale\" content=\"da_DK\" \/>\n<meta property=\"og:type\" content=\"article\" \/>\n<meta property=\"og:title\" content=\"Badev\u00e6relsesl\u00f8sninger i Slagelse | T\u00f8mrerarbejde p\u00e5 badev\u00e6relse - KVKbyg.dk\" \/>\n<meta property=\"og:description\" content=\"KVK Byg og Anl\u00e6g ApS har i mange \u00e5r arbejdet med b\u00e5de istands\u00e6ttelse af gamle badev\u00e6relser og ops\u00e6tning af nye badev\u00e6relser. L\u00e6s mere her.\" \/>\n<meta property=\"og:url\" content=\"https:\/\/kvk.newsite.side-walk.dk\/?page_id=191\" \/>\n<meta property=\"og:site_name\" content=\"Kvk byg\" \/>\n<meta property=\"article:modified_time\" content=\"2025-07-02T06:51:33+00:00\" \/>\n<meta property=\"og:image\" content=\"https:\/\/kvk.newsite.side-walk.dk\/wp-content\/uploads\/2025\/06\/badevaerelser_663.jpg\" \/>\n\t<meta property=\"og:image:width\" content=\"470\" \/>\n\t<meta property=\"og:image:height\" content=\"503\" \/>\n\t<meta property=\"og:image:type\" content=\"image\/jpeg\" \/>\n<meta name=\"twitter:card\" content=\"summary_large_image\" \/>\n<meta name=\"twitter:label1\" content=\"Estimeret l\u00e6setid\" \/>\n\t<meta name=\"twitter:data1\" content=\"1 minut\" \/>\n<script type=\"application\/ld+json\" class=\"yoast-schema-graph\">{\"@context\":\"https:\/\/schema.org\",\"@graph\":[{\"@type\":\"WebPage\",\"@id\":\"https:\/\/kvk.newsite.side-walk.dk\/?page_id=191\",\"url\":\"https:\/\/kvk.newsite.side-walk.dk\/?page_id=191\",\"name\":\"Badev\u00e6relsesl\u00f8sninger i Slagelse | T\u00f8mrerarbejde p\u00e5 badev\u00e6relse - KVKbyg.dk\",\"isPartOf\":{\"@id\":\"https:\/\/kvk.newsite.side-walk.dk\/#website\"},\"primaryImageOfPage\":{\"@id\":\"https:\/\/kvk.newsite.side-walk.dk\/?page_id=191#primaryimage\"},\"image\":{\"@id\":\"https:\/\/kvk.newsite.side-walk.dk\/?page_id=191#primaryimage\"},\"thumbnailUrl\":\"https:\/\/kvk.newsite.side-walk.dk\/wp-content\/uploads\/2025\/06\/badevaerelser_663.jpg\",\"datePublished\":\"2025-06-24T07:00:06+00:00\",\"dateModified\":\"2025-07-02T06:51:33+00:00\",\"description\":\"KVK Byg og Anl\u00e6g ApS har i mange \u00e5r arbejdet med b\u00e5de istands\u00e6ttelse af gamle badev\u00e6relser og ops\u00e6tning af nye badev\u00e6relser. L\u00e6s mere her.\",\"breadcrumb\":{\"@id\":\"https:\/\/kvk.newsite.side-walk.dk\/?page_id=191#breadcrumb\"},\"inLanguage\":\"da-DK\",\"potentialAction\":[{\"@type\":\"ReadAction\",\"target\":[\"https:\/\/kvk.newsite.side-walk.dk\/?page_id=191\"]}]},{\"@type\":\"ImageObject\",\"inLanguage\":\"da-DK\",\"@id\":\"https:\/\/kvk.newsite.side-walk.dk\/?page_id=191#primaryimage\",\"url\":\"https:\/\/kvk.newsite.side-walk.dk\/wp-content\/uploads\/2025\/06\/badevaerelser_663.jpg\",\"contentUrl\":\"https:\/\/kvk.newsite.side-walk.dk\/wp-content\/uploads\/2025\/06\/badevaerelser_663.jpg\",\"width\":470,\"height\":503},{\"@type\":\"BreadcrumbList\",\"@id\":\"https:\/\/kvk.newsite.side-walk.dk\/?page_id=191#breadcrumb\",\"itemListElement\":[{\"@type\":\"ListItem\",\"position\":1,\"name\":\"Hjem\",\"item\":\"https:\/\/kvk.newsite.side-walk.dk\/\"},{\"@type\":\"ListItem\",\"position\":2,\"name\":\"T\u00f8mrerydelser\",\"item\":\"https:\/\/kvk.newsite.side-walk.dk\/?page_id=31\"},{\"@type\":\"ListItem\",\"position\":3,\"name\":\"Badev\u00e6relser\"}]},{\"@type\":\"WebSite\",\"@id\":\"https:\/\/kvk.newsite.side-walk.dk\/#website\",\"url\":\"https:\/\/kvk.newsite.side-walk.dk\/\",\"name\":\"Kvk byg\",\"description\":\"\",\"publisher\":{\"@id\":\"https:\/\/kvk.newsite.side-walk.dk\/#organization\"},\"potentialAction\":[{\"@type\":\"SearchAction\",\"target\":{\"@type\":\"EntryPoint\",\"urlTemplate\":\"https:\/\/kvk.newsite.side-walk.dk\/?s={search_term_string}\"},\"query-input\":{\"@type\":\"PropertyValueSpecification\",\"valueRequired\":true,\"valueName\":\"search_term_string\"}}],\"inLanguage\":\"da-DK\"},{\"@type\":\"Organization\",\"@id\":\"https:\/\/kvk.newsite.side-walk.dk\/#organization\",\"name\":\"Kvk byg\",\"url\":\"https:\/\/kvk.newsite.side-walk.dk\/\",\"logo\":{\"@type\":\"ImageObject\",\"inLanguage\":\"da-DK\",\"@id\":\"https:\/\/kvk.newsite.side-walk.dk\/#\/schema\/logo\/image\/\",\"url\":\"https:\/\/kvk.newsite.side-walk.dk\/wp-content\/uploads\/2025\/06\/Logo.png\",\"contentUrl\":\"https:\/\/kvk.newsite.side-walk.dk\/wp-content\/uploads\/2025\/06\/Logo.png\",\"width\":119,\"height\":108,\"caption\":\"Kvk byg\"},\"image\":{\"@id\":\"https:\/\/kvk.newsite.side-walk.dk\/#\/schema\/logo\/image\/\"}}]}<\/script>\n<!-- \/ Yoast SEO plugin. -->","yoast_head_json":{"title":"Badev\u00e6relsesl\u00f8sninger i Slagelse | T\u00f8mrerarbejde p\u00e5 badev\u00e6relse - KVKbyg.dk","description":"KVK Byg og Anl\u00e6g ApS har i mange \u00e5r arbejdet med b\u00e5de istands\u00e6ttelse af gamle badev\u00e6relser og ops\u00e6tning af nye badev\u00e6relser. L\u00e6s mere her.","robots":{"index":"noindex","follow":"follow","max-snippet":"max-snippet:-1","max-image-preview":"max-image-preview:large","max-video-preview":"max-video-preview:-1"},"og_locale":"da_DK","og_type":"article","og_title":"Badev\u00e6relsesl\u00f8sninger i Slagelse | T\u00f8mrerarbejde p\u00e5 badev\u00e6relse - KVKbyg.dk","og_description":"KVK Byg og Anl\u00e6g ApS har i mange \u00e5r arbejdet med b\u00e5de istands\u00e6ttelse af gamle badev\u00e6relser og ops\u00e6tning af nye badev\u00e6relser. L\u00e6s mere her.","og_url":"https:\/\/kvk.newsite.side-walk.dk\/?page_id=191","og_site_name":"Kvk byg","article_modified_time":"2025-07-02T06:51:33+00:00","og_image":[{"width":470,"height":503,"url":"https:\/\/kvk.newsite.side-walk.dk\/wp-content\/uploads\/2025\/06\/badevaerelser_663.jpg","type":"image\/jpeg"}],"twitter_card":"summary_large_image","twitter_misc":{"Estimeret l\u00e6setid":"1 minut"},"schema":{"@context":"https:\/\/schema.org","@graph":[{"@type":"WebPage","@id":"https:\/\/kvk.newsite.side-walk.dk\/?page_id=191","url":"https:\/\/kvk.newsite.side-walk.dk\/?page_id=191","name":"Badev\u00e6relsesl\u00f8sninger i Slagelse | T\u00f8mrerarbejde p\u00e5 badev\u00e6relse - KVKbyg.dk","isPartOf":{"@id":"https:\/\/kvk.newsite.side-walk.dk\/#website"},"primaryImageOfPage":{"@id":"https:\/\/kvk.newsite.side-walk.dk\/?page_id=191#primaryimage"},"image":{"@id":"https:\/\/kvk.newsite.side-walk.dk\/?page_id=191#primaryimage"},"thumbnailUrl":"https:\/\/kvk.newsite.side-walk.dk\/wp-content\/uploads\/2025\/06\/badevaerelser_663.jpg","datePublished":"2025-06-24T07:00:06+00:00","dateModified":"2025-07-02T06:51:33+00:00","description":"KVK Byg og Anl\u00e6g ApS har i mange \u00e5r arbejdet med b\u00e5de istands\u00e6ttelse af gamle badev\u00e6relser og ops\u00e6tning af nye badev\u00e6relser. L\u00e6s mere her.","breadcrumb":{"@id":"https:\/\/kvk.newsite.side-walk.dk\/?page_id=191#breadcrumb"},"inLanguage":"da-DK","potentialAction":[{"@type":"ReadAction","target":["https:\/\/kvk.newsite.side-walk.dk\/?page_id=191"]}]},{"@type":"ImageObject","inLanguage":"da-DK","@id":"https:\/\/kvk.newsite.side-walk.dk\/?page_id=191#primaryimage","url":"https:\/\/kvk.newsite.side-walk.dk\/wp-content\/uploads\/2025\/06\/badevaerelser_663.jpg","contentUrl":"https:\/\/kvk.newsite.side-walk.dk\/wp-content\/uploads\/2025\/06\/badevaerelser_663.jpg","width":470,"height":503},{"@type":"BreadcrumbList","@id":"https:\/\/kvk.newsite.side-walk.dk\/?page_id=191#breadcrumb","itemListElement":[{"@type":"ListItem","position":1,"name":"Hjem","item":"https:\/\/kvk.newsite.side-walk.dk\/"},{"@type":"ListItem","position":2,"name":"T\u00f8mrerydelser","item":"https:\/\/kvk.newsite.side-walk.dk\/?page_id=31"},{"@type":"ListItem","position":3,"name":"Badev\u00e6relser"}]},{"@type":"WebSite","@id":"https:\/\/kvk.newsite.side-walk.dk\/#website","url":"https:\/\/kvk.newsite.side-walk.dk\/","name":"Kvk byg","description":"","publisher":{"@id":"https:\/\/kvk.newsite.side-walk.dk\/#organization"},"potentialAction":[{"@type":"SearchAction","target":{"@type":"EntryPoint","urlTemplate":"https:\/\/kvk.newsite.side-walk.dk\/?s={search_term_string}"},"query-input":{"@type":"PropertyValueSpecification","valueRequired":true,"valueName":"search_term_string"}}],"inLanguage":"da-DK"},{"@type":"Organization","@id":"https:\/\/kvk.newsite.side-walk.dk\/#organization","name":"Kvk byg","url":"https:\/\/kvk.newsite.side-walk.dk\/","logo":{"@type":"ImageObject","inLanguage":"da-DK","@id":"https:\/\/kvk.newsite.side-walk.dk\/#\/schema\/logo\/image\/","url":"https:\/\/kvk.newsite.side-walk.dk\/wp-content\/uploads\/2025\/06\/Logo.png","contentUrl":"https:\/\/kvk.newsite.side-walk.dk\/wp-content\/uploads\/2025\/06\/Logo.png","width":119,"height":108,"caption":"Kvk byg"},"image":{"@id":"https:\/\/kvk.newsite.side-walk.dk\/#\/schema\/logo\/image\/"}}]}},"_links":{"self":[{"href":"https:\/\/kvk.newsite.side-walk.dk\/index.php?rest_route=\/wp\/v2\/pages\/191","targetHints":{"allow":["GET"]}}],"collection":[{"href":"https:\/\/kvk.newsite.side-walk.dk\/index.php?rest_route=\/wp\/v2\/pages"}],"about":[{"href":"https:\/\/kvk.newsite.side-walk.dk\/index.php?rest_route=\/wp\/v2\/types\/page"}],"author":[{"embeddable":true,"href":"https:\/\/kvk.newsite.side-walk.dk\/index.php?rest_route=\/wp\/v2\/users\/1"}],"replies":[{"embeddable":true,"href":"https:\/\/kvk.newsite.side-walk.dk\/index.php?rest_route=%2Fwp%2Fv2%2Fcomments&post=191"}],"version-history":[{"count":5,"href":"https:\/\/kvk.newsite.side-walk.dk\/index.php?rest_route=\/wp\/v2\/pages\/191\/revisions"}],"predecessor-version":[{"id":452,"href":"https:\/\/kvk.newsite.side-walk.dk\/index.php?rest_route=\/wp\/v2\/pages\/191\/revisions\/452"}],"up":[{"embeddable":true,"href":"https:\/\/kvk.newsite.side-walk.dk\/index.php?rest_route=\/wp\/v2\/pages\/31"}],"wp:attachment":[{"href":"https:\/\/kvk.newsite.side-walk.dk\/index.php?rest_route=%2Fwp%2Fv2%2Fmedia&parent=191"}],"curies":[{"name":"wp","href":"https:\/\/api.w.org\/{rel}","templated":true}]}}