{"id":184,"date":"2025-06-24T08:53:46","date_gmt":"2025-06-24T06:53:46","guid":{"rendered":"https:\/\/kvk.newsite.side-walk.dk\/?page_id=184"},"modified":"2025-07-02T08:49:51","modified_gmt":"2025-07-02T06:49:51","slug":"koekkenloesninger","status":"publish","type":"page","link":"https:\/\/kvk.newsite.side-walk.dk\/?page_id=184","title":{"rendered":"K\u00f8kkenl\u00f8sninger"},"content":{"rendered":"\t\t<div data-elementor-type=\"wp-page\" data-elementor-id=\"184\" class=\"elementor elementor-184\" data-elementor-post-type=\"page\">\n\t\t\t\t<div class=\"elementor-element elementor-element-6f5a351 e-flex e-con-boxed e-con e-parent\" data-id=\"6f5a351\" data-element_type=\"container\" data-settings=\"{&quot;background_background&quot;:&quot;classic&quot;}\">\n\t\t\t\t\t<div class=\"e-con-inner\">\n\t\t<div class=\"elementor-element elementor-element-17f46e4 e-con-full e-flex e-con e-child\" data-id=\"17f46e4\" data-element_type=\"container\">\n\t\t\t\t<div class=\"elementor-element elementor-element-549a605 elementor-widget__width-initial elementor-widget-mobile__width-inherit elementor-widget elementor-widget-heading\" data-id=\"549a605\" data-element_type=\"widget\" data-widget_type=\"heading.default\">\n\t\t\t\t<div class=\"elementor-widget-container\">\n\t\t\t\t\t<h1 class=\"elementor-heading-title elementor-size-default\">Vi tager imod<br>\n<span style=\"color:#F1AD44\">alle opgaver<\/span> inden for k\u00f8kkenl\u00f8sninger til private og erhverv.<\/h1>\t\t\t\t<\/div>\n\t\t\t\t<\/div>\n\t\t\t\t<div class=\"elementor-element elementor-element-347aace elementor-widget__width-initial elementor-widget-tablet__width-inherit elementor-widget-mobile__width-inherit elementor-widget elementor-widget-text-editor\" data-id=\"347aace\" data-element_type=\"widget\" data-widget_type=\"text-editor.default\">\n\t\t\t\t<div class=\"elementor-widget-container\">\n\t\t\t\t\t\t\t\t\t<div class=\"subpage-top-left col-lg-6 col-12\"><div id=\"c20\" class=\"frame frame-default frame-type-text frame-layout-0 frame-background-none frame-no-backgroundimage frame-space-before-none frame-space-after-none\"><div class=\"frame-container\"><div class=\"frame-inner\"><div class=\"subpage-top-left col-lg-6 col-12\"><div id=\"c54\" class=\"frame frame-default frame-type-text frame-layout-0 frame-background-none frame-no-backgroundimage frame-space-before-none frame-space-after-none\"><div class=\"frame-container\"><div class=\"frame-inner\"><p>KVK Byg og Anl\u00e6g i Slagelse udf\u00f8rer t\u00f8mrerl\u00f8sninger til k\u00f8kken. Fra sm\u00e5 istands\u00e6ttelser til udskiftning af hele k\u00f8kkenet. L\u00e6s mere her.<\/p><\/div><\/div><\/div><\/div><\/div><\/div><\/div><\/div>\t\t\t\t\t\t\t\t<\/div>\n\t\t\t\t<\/div>\n\t\t\t\t<\/div>\n\t\t\t\t\t<\/div>\n\t\t\t\t<\/div>\n\t\t<div class=\"elementor-element elementor-element-73e615d e-flex e-con-boxed e-con e-parent\" data-id=\"73e615d\" data-element_type=\"container\">\n\t\t\t\t\t<div class=\"e-con-inner\">\n\t\t<div class=\"elementor-element elementor-element-1a49af8 e-con-full e-flex e-con e-child\" data-id=\"1a49af8\" data-element_type=\"container\">\n\t\t\t\t<div class=\"elementor-element elementor-element-3ec6b8a elementor-widget elementor-widget-heading\" data-id=\"3ec6b8a\" data-element_type=\"widget\" data-widget_type=\"heading.default\">\n\t\t\t\t<div class=\"elementor-widget-container\">\n\t\t\t\t\t<h2 class=\"elementor-heading-title elementor-size-default\">K\u00d8KKENL\u00d8SNINGER\u200b\n<\/h2>\t\t\t\t<\/div>\n\t\t\t\t<\/div>\n\t\t\t\t<div class=\"elementor-element elementor-element-aba7b51 elementor-widget elementor-widget-text-editor\" data-id=\"aba7b51\" data-element_type=\"widget\" data-widget_type=\"text-editor.default\">\n\t\t\t\t<div class=\"elementor-widget-container\">\n\t\t\t\t\t\t\t\t\t<p>K\u00f8kkener er et af vores specialer. Fra sm\u00e5 istands\u00e6ttelser til udskiftning af hele k\u00f8kkenet.<\/p><p>\u200bK\u00f8kkenet er et af hjemmets vigtigste rum. Det er ogs\u00e5 her familien ofte bruger en stor del af tiden. Det er derfor vigtigt, at k\u00f8kkenarbejdet sider lige i skabet.\u00a0<\/p>\t\t\t\t\t\t\t\t<\/div>\n\t\t\t\t<\/div>\n\t\t\t\t<div class=\"elementor-element elementor-element-2180fd6 elementor-widget elementor-widget-heading\" data-id=\"2180fd6\" data-element_type=\"widget\" data-widget_type=\"heading.default\">\n\t\t\t\t<div class=\"elementor-widget-container\">\n\t\t\t\t\t<h3 class=\"elementor-heading-title elementor-size-default\">\u200bF\u00e5 et nyt k\u00f8kken\n<\/h3>\t\t\t\t<\/div>\n\t\t\t\t<\/div>\n\t\t\t\t<div class=\"elementor-element elementor-element-7d29c3e elementor-widget elementor-widget-text-editor\" data-id=\"7d29c3e\" data-element_type=\"widget\" data-widget_type=\"text-editor.default\">\n\t\t\t\t<div class=\"elementor-widget-container\">\n\t\t\t\t\t\t\t\t\t<p>\u200bDer er utallige muligheder, n\u00e5r k\u00f8kkenet skal udskiftes, men uanset hvilken stil du \u00f8nsker, sikrer vi, at det fremst\u00e5r funktionelt og elegant.<\/p><p><a href=\"https:\/\/kvkbyg.dk\/kontakt\" target=\"_self\">Kontakt os<\/a>\u00a0med dine sp\u00f8rgsm\u00e5l og \u00f8nsker. Sammen finder vi den optimale l\u00f8sning.\u200b Hos os er dit nye k\u00f8kken i gode h\u00e6nder<\/p>\t\t\t\t\t\t\t\t<\/div>\n\t\t\t\t<\/div>\n\t\t\t\t<\/div>\n\t\t<div class=\"elementor-element elementor-element-e768ef7 e-con-full e-flex e-con e-child\" data-id=\"e768ef7\" data-element_type=\"container\">\n\t\t\t\t<div class=\"elementor-element elementor-element-2f2b2d6 elementor-widget elementor-widget-image\" data-id=\"2f2b2d6\" data-element_type=\"widget\" data-widget_type=\"image.default\">\n\t\t\t\t<div class=\"elementor-widget-container\">\n\t\t\t\t\t\t\t\t\t\t\t\t\t\t\t<img fetchpriority=\"high\" decoding=\"async\" width=\"470\" height=\"503\" src=\"https:\/\/kvk.newsite.side-walk.dk\/wp-content\/uploads\/2025\/06\/koekken_658.jpg\" class=\"attachment-large size-large wp-image-187\" alt=\"\" srcset=\"https:\/\/kvk.newsite.side-walk.dk\/wp-content\/uploads\/2025\/06\/koekken_658.jpg 470w, https:\/\/kvk.newsite.side-walk.dk\/wp-content\/uploads\/2025\/06\/koekken_658-280x300.jpg 280w\" sizes=\"(max-width: 470px) 100vw, 470px\" \/>\t\t\t\t\t\t\t\t\t\t\t\t\t\t\t<\/div>\n\t\t\t\t<\/div>\n\t\t\t\t<\/div>\n\t\t\t\t\t<\/div>\n\t\t\t\t<\/div>\n\t\t\t\t<\/div>\n\t\t","protected":false},"excerpt":{"rendered":"<p>Vi tager imod alle opgaver inden for k\u00f8kkenl\u00f8sninger til private og erhverv. KVK Byg og Anl\u00e6g i Slagelse udf\u00f8rer t\u00f8mrerl\u00f8sninger til k\u00f8kken. Fra sm\u00e5 istands\u00e6ttelser til udskiftning af hele k\u00f8kkenet. L\u00e6s mere her. K\u00d8KKENL\u00d8SNINGER\u200b K\u00f8kkener er et af vores specialer. Fra sm\u00e5 istands\u00e6ttelser til udskiftning af hele k\u00f8kkenet. \u200bK\u00f8kkenet er et af hjemmets vigtigste rum. [&hellip;]<\/p>\n","protected":false},"author":1,"featured_media":0,"parent":31,"menu_order":0,"comment_status":"closed","ping_status":"closed","template":"elementor_header_footer","meta":{"_acf_changed":false,"footnotes":""},"class_list":["post-184","page","type-page","status-publish","hentry"],"acf":[],"yoast_head":"<!-- This site is optimized with the Yoast SEO plugin v25.4 - https:\/\/yoast.com\/wordpress\/plugins\/seo\/ -->\n<title>K\u00f8kkenops\u00e6tning i Slagelse - KVK Byg og Anl\u00e6g ApS - KVKbyg.dk<\/title>\n<meta name=\"description\" content=\"KVK Byg og Anl\u00e6g i Slagelse udf\u00f8rer t\u00f8mrerl\u00f8sninger til k\u00f8kken. Fra sm\u00e5 istands\u00e6ttelser til udskiftning af hele k\u00f8kkenet. L\u00e6s mere her.\" \/>\n<meta name=\"robots\" content=\"noindex, follow, max-snippet:-1, max-image-preview:large, max-video-preview:-1\" \/>\n<meta property=\"og:locale\" content=\"da_DK\" \/>\n<meta property=\"og:type\" content=\"article\" \/>\n<meta property=\"og:title\" content=\"K\u00f8kkenops\u00e6tning i Slagelse - KVK Byg og Anl\u00e6g ApS - KVKbyg.dk\" \/>\n<meta property=\"og:description\" content=\"KVK Byg og Anl\u00e6g i Slagelse udf\u00f8rer t\u00f8mrerl\u00f8sninger til k\u00f8kken. Fra sm\u00e5 istands\u00e6ttelser til udskiftning af hele k\u00f8kkenet. L\u00e6s mere her.\" \/>\n<meta property=\"og:url\" content=\"https:\/\/kvk.newsite.side-walk.dk\/?page_id=184\" \/>\n<meta property=\"og:site_name\" content=\"Kvk byg\" \/>\n<meta property=\"article:modified_time\" content=\"2025-07-02T06:49:51+00:00\" \/>\n<meta property=\"og:image\" content=\"https:\/\/kvk.newsite.side-walk.dk\/wp-content\/uploads\/2025\/06\/koekken_658.jpg\" \/>\n\t<meta property=\"og:image:width\" content=\"470\" \/>\n\t<meta property=\"og:image:height\" content=\"503\" \/>\n\t<meta property=\"og:image:type\" content=\"image\/jpeg\" \/>\n<meta name=\"twitter:card\" content=\"summary_large_image\" \/>\n<meta name=\"twitter:label1\" content=\"Estimeret l\u00e6setid\" \/>\n\t<meta name=\"twitter:data1\" content=\"1 minut\" \/>\n<script type=\"application\/ld+json\" class=\"yoast-schema-graph\">{\"@context\":\"https:\/\/schema.org\",\"@graph\":[{\"@type\":\"WebPage\",\"@id\":\"https:\/\/kvk.newsite.side-walk.dk\/?page_id=184\",\"url\":\"https:\/\/kvk.newsite.side-walk.dk\/?page_id=184\",\"name\":\"K\u00f8kkenops\u00e6tning i Slagelse - KVK Byg og Anl\u00e6g ApS - KVKbyg.dk\",\"isPartOf\":{\"@id\":\"https:\/\/kvk.newsite.side-walk.dk\/#website\"},\"primaryImageOfPage\":{\"@id\":\"https:\/\/kvk.newsite.side-walk.dk\/?page_id=184#primaryimage\"},\"image\":{\"@id\":\"https:\/\/kvk.newsite.side-walk.dk\/?page_id=184#primaryimage\"},\"thumbnailUrl\":\"https:\/\/kvk.newsite.side-walk.dk\/wp-content\/uploads\/2025\/06\/koekken_658.jpg\",\"datePublished\":\"2025-06-24T06:53:46+00:00\",\"dateModified\":\"2025-07-02T06:49:51+00:00\",\"description\":\"KVK Byg og Anl\u00e6g i Slagelse udf\u00f8rer t\u00f8mrerl\u00f8sninger til k\u00f8kken. Fra sm\u00e5 istands\u00e6ttelser til udskiftning af hele k\u00f8kkenet. L\u00e6s mere her.\",\"breadcrumb\":{\"@id\":\"https:\/\/kvk.newsite.side-walk.dk\/?page_id=184#breadcrumb\"},\"inLanguage\":\"da-DK\",\"potentialAction\":[{\"@type\":\"ReadAction\",\"target\":[\"https:\/\/kvk.newsite.side-walk.dk\/?page_id=184\"]}]},{\"@type\":\"ImageObject\",\"inLanguage\":\"da-DK\",\"@id\":\"https:\/\/kvk.newsite.side-walk.dk\/?page_id=184#primaryimage\",\"url\":\"https:\/\/kvk.newsite.side-walk.dk\/wp-content\/uploads\/2025\/06\/koekken_658.jpg\",\"contentUrl\":\"https:\/\/kvk.newsite.side-walk.dk\/wp-content\/uploads\/2025\/06\/koekken_658.jpg\",\"width\":470,\"height\":503},{\"@type\":\"BreadcrumbList\",\"@id\":\"https:\/\/kvk.newsite.side-walk.dk\/?page_id=184#breadcrumb\",\"itemListElement\":[{\"@type\":\"ListItem\",\"position\":1,\"name\":\"Hjem\",\"item\":\"https:\/\/kvk.newsite.side-walk.dk\/\"},{\"@type\":\"ListItem\",\"position\":2,\"name\":\"T\u00f8mrerydelser\",\"item\":\"https:\/\/kvk.newsite.side-walk.dk\/?page_id=31\"},{\"@type\":\"ListItem\",\"position\":3,\"name\":\"K\u00f8kkenl\u00f8sninger\"}]},{\"@type\":\"WebSite\",\"@id\":\"https:\/\/kvk.newsite.side-walk.dk\/#website\",\"url\":\"https:\/\/kvk.newsite.side-walk.dk\/\",\"name\":\"Kvk byg\",\"description\":\"\",\"publisher\":{\"@id\":\"https:\/\/kvk.newsite.side-walk.dk\/#organization\"},\"potentialAction\":[{\"@type\":\"SearchAction\",\"target\":{\"@type\":\"EntryPoint\",\"urlTemplate\":\"https:\/\/kvk.newsite.side-walk.dk\/?s={search_term_string}\"},\"query-input\":{\"@type\":\"PropertyValueSpecification\",\"valueRequired\":true,\"valueName\":\"search_term_string\"}}],\"inLanguage\":\"da-DK\"},{\"@type\":\"Organization\",\"@id\":\"https:\/\/kvk.newsite.side-walk.dk\/#organization\",\"name\":\"Kvk byg\",\"url\":\"https:\/\/kvk.newsite.side-walk.dk\/\",\"logo\":{\"@type\":\"ImageObject\",\"inLanguage\":\"da-DK\",\"@id\":\"https:\/\/kvk.newsite.side-walk.dk\/#\/schema\/logo\/image\/\",\"url\":\"https:\/\/kvk.newsite.side-walk.dk\/wp-content\/uploads\/2025\/06\/Logo.png\",\"contentUrl\":\"https:\/\/kvk.newsite.side-walk.dk\/wp-content\/uploads\/2025\/06\/Logo.png\",\"width\":119,\"height\":108,\"caption\":\"Kvk byg\"},\"image\":{\"@id\":\"https:\/\/kvk.newsite.side-walk.dk\/#\/schema\/logo\/image\/\"}}]}<\/script>\n<!-- \/ Yoast SEO plugin. -->","yoast_head_json":{"title":"K\u00f8kkenops\u00e6tning i Slagelse - KVK Byg og Anl\u00e6g ApS - KVKbyg.dk","description":"KVK Byg og Anl\u00e6g i Slagelse udf\u00f8rer t\u00f8mrerl\u00f8sninger til k\u00f8kken. Fra sm\u00e5 istands\u00e6ttelser til udskiftning af hele k\u00f8kkenet. L\u00e6s mere her.","robots":{"index":"noindex","follow":"follow","max-snippet":"max-snippet:-1","max-image-preview":"max-image-preview:large","max-video-preview":"max-video-preview:-1"},"og_locale":"da_DK","og_type":"article","og_title":"K\u00f8kkenops\u00e6tning i Slagelse - KVK Byg og Anl\u00e6g ApS - KVKbyg.dk","og_description":"KVK Byg og Anl\u00e6g i Slagelse udf\u00f8rer t\u00f8mrerl\u00f8sninger til k\u00f8kken. Fra sm\u00e5 istands\u00e6ttelser til udskiftning af hele k\u00f8kkenet. L\u00e6s mere her.","og_url":"https:\/\/kvk.newsite.side-walk.dk\/?page_id=184","og_site_name":"Kvk byg","article_modified_time":"2025-07-02T06:49:51+00:00","og_image":[{"width":470,"height":503,"url":"https:\/\/kvk.newsite.side-walk.dk\/wp-content\/uploads\/2025\/06\/koekken_658.jpg","type":"image\/jpeg"}],"twitter_card":"summary_large_image","twitter_misc":{"Estimeret l\u00e6setid":"1 minut"},"schema":{"@context":"https:\/\/schema.org","@graph":[{"@type":"WebPage","@id":"https:\/\/kvk.newsite.side-walk.dk\/?page_id=184","url":"https:\/\/kvk.newsite.side-walk.dk\/?page_id=184","name":"K\u00f8kkenops\u00e6tning i Slagelse - KVK Byg og Anl\u00e6g ApS - KVKbyg.dk","isPartOf":{"@id":"https:\/\/kvk.newsite.side-walk.dk\/#website"},"primaryImageOfPage":{"@id":"https:\/\/kvk.newsite.side-walk.dk\/?page_id=184#primaryimage"},"image":{"@id":"https:\/\/kvk.newsite.side-walk.dk\/?page_id=184#primaryimage"},"thumbnailUrl":"https:\/\/kvk.newsite.side-walk.dk\/wp-content\/uploads\/2025\/06\/koekken_658.jpg","datePublished":"2025-06-24T06:53:46+00:00","dateModified":"2025-07-02T06:49:51+00:00","description":"KVK Byg og Anl\u00e6g i Slagelse udf\u00f8rer t\u00f8mrerl\u00f8sninger til k\u00f8kken. Fra sm\u00e5 istands\u00e6ttelser til udskiftning af hele k\u00f8kkenet. L\u00e6s mere her.","breadcrumb":{"@id":"https:\/\/kvk.newsite.side-walk.dk\/?page_id=184#breadcrumb"},"inLanguage":"da-DK","potentialAction":[{"@type":"ReadAction","target":["https:\/\/kvk.newsite.side-walk.dk\/?page_id=184"]}]},{"@type":"ImageObject","inLanguage":"da-DK","@id":"https:\/\/kvk.newsite.side-walk.dk\/?page_id=184#primaryimage","url":"https:\/\/kvk.newsite.side-walk.dk\/wp-content\/uploads\/2025\/06\/koekken_658.jpg","contentUrl":"https:\/\/kvk.newsite.side-walk.dk\/wp-content\/uploads\/2025\/06\/koekken_658.jpg","width":470,"height":503},{"@type":"BreadcrumbList","@id":"https:\/\/kvk.newsite.side-walk.dk\/?page_id=184#breadcrumb","itemListElement":[{"@type":"ListItem","position":1,"name":"Hjem","item":"https:\/\/kvk.newsite.side-walk.dk\/"},{"@type":"ListItem","position":2,"name":"T\u00f8mrerydelser","item":"https:\/\/kvk.newsite.side-walk.dk\/?page_id=31"},{"@type":"ListItem","position":3,"name":"K\u00f8kkenl\u00f8sninger"}]},{"@type":"WebSite","@id":"https:\/\/kvk.newsite.side-walk.dk\/#website","url":"https:\/\/kvk.newsite.side-walk.dk\/","name":"Kvk byg","description":"","publisher":{"@id":"https:\/\/kvk.newsite.side-walk.dk\/#organization"},"potentialAction":[{"@type":"SearchAction","target":{"@type":"EntryPoint","urlTemplate":"https:\/\/kvk.newsite.side-walk.dk\/?s={search_term_string}"},"query-input":{"@type":"PropertyValueSpecification","valueRequired":true,"valueName":"search_term_string"}}],"inLanguage":"da-DK"},{"@type":"Organization","@id":"https:\/\/kvk.newsite.side-walk.dk\/#organization","name":"Kvk byg","url":"https:\/\/kvk.newsite.side-walk.dk\/","logo":{"@type":"ImageObject","inLanguage":"da-DK","@id":"https:\/\/kvk.newsite.side-walk.dk\/#\/schema\/logo\/image\/","url":"https:\/\/kvk.newsite.side-walk.dk\/wp-content\/uploads\/2025\/06\/Logo.png","contentUrl":"https:\/\/kvk.newsite.side-walk.dk\/wp-content\/uploads\/2025\/06\/Logo.png","width":119,"height":108,"caption":"Kvk byg"},"image":{"@id":"https:\/\/kvk.newsite.side-walk.dk\/#\/schema\/logo\/image\/"}}]}},"_links":{"self":[{"href":"https:\/\/kvk.newsite.side-walk.dk\/index.php?rest_route=\/wp\/v2\/pages\/184","targetHints":{"allow":["GET"]}}],"collection":[{"href":"https:\/\/kvk.newsite.side-walk.dk\/index.php?rest_route=\/wp\/v2\/pages"}],"about":[{"href":"https:\/\/kvk.newsite.side-walk.dk\/index.php?rest_route=\/wp\/v2\/types\/page"}],"author":[{"embeddable":true,"href":"https:\/\/kvk.newsite.side-walk.dk\/index.php?rest_route=\/wp\/v2\/users\/1"}],"replies":[{"embeddable":true,"href":"https:\/\/kvk.newsite.side-walk.dk\/index.php?rest_route=%2Fwp%2Fv2%2Fcomments&post=184"}],"version-history":[{"count":5,"href":"https:\/\/kvk.newsite.side-walk.dk\/index.php?rest_route=\/wp\/v2\/pages\/184\/revisions"}],"predecessor-version":[{"id":449,"href":"https:\/\/kvk.newsite.side-walk.dk\/index.php?rest_route=\/wp\/v2\/pages\/184\/revisions\/449"}],"up":[{"embeddable":true,"href":"https:\/\/kvk.newsite.side-walk.dk\/index.php?rest_route=\/wp\/v2\/pages\/31"}],"wp:attachment":[{"href":"https:\/\/kvk.newsite.side-walk.dk\/index.php?rest_route=%2Fwp%2Fv2%2Fmedia&parent=184"}],"curies":[{"name":"wp","href":"https:\/\/api.w.org\/{rel}","templated":true}]}}