{"id":174,"date":"2025-06-24T08:50:58","date_gmt":"2025-06-24T06:50:58","guid":{"rendered":"https:\/\/kvk.newsite.side-walk.dk\/?page_id=174"},"modified":"2025-07-02T08:48:54","modified_gmt":"2025-07-02T06:48:54","slug":"tagarbejde","status":"publish","type":"page","link":"https:\/\/kvk.newsite.side-walk.dk\/?page_id=174","title":{"rendered":"Tagarbejde"},"content":{"rendered":"\t\t<div data-elementor-type=\"wp-page\" data-elementor-id=\"174\" class=\"elementor elementor-174\" data-elementor-post-type=\"page\">\n\t\t\t\t<div class=\"elementor-element elementor-element-ed3ea51 e-flex e-con-boxed e-con e-parent\" data-id=\"ed3ea51\" data-element_type=\"container\" data-settings=\"{&quot;background_background&quot;:&quot;classic&quot;}\">\n\t\t\t\t\t<div class=\"e-con-inner\">\n\t\t<div class=\"elementor-element elementor-element-43931a3 e-con-full e-flex e-con e-child\" data-id=\"43931a3\" data-element_type=\"container\">\n\t\t\t\t<div class=\"elementor-element elementor-element-9a2e706 elementor-widget elementor-widget-heading\" data-id=\"9a2e706\" data-element_type=\"widget\" data-widget_type=\"heading.default\">\n\t\t\t\t<div class=\"elementor-widget-container\">\n\t\t\t\t\t<h1 class=\"elementor-heading-title elementor-size-default\">Vi tager imod<br>\n<span style=\"color:#F1AD44\">alle opgaver<\/span> inden <br>\nfor tagarbejde<\/h1>\t\t\t\t<\/div>\n\t\t\t\t<\/div>\n\t\t\t\t<div class=\"elementor-element elementor-element-49b5cb2 elementor-widget__width-initial elementor-widget-tablet__width-inherit elementor-widget-mobile__width-inherit elementor-widget elementor-widget-text-editor\" data-id=\"49b5cb2\" data-element_type=\"widget\" data-widget_type=\"text-editor.default\">\n\t\t\t\t<div class=\"elementor-widget-container\">\n\t\t\t\t\t\t\t\t\t<div class=\"subpage-top-left col-lg-6 col-12\"><div id=\"c20\" class=\"frame frame-default frame-type-text frame-layout-0 frame-background-none frame-no-backgroundimage frame-space-before-none frame-space-after-none\"><div class=\"frame-container\"><div class=\"frame-inner\"><div class=\"subpage-top-left col-lg-6 col-12\"><div id=\"c54\" class=\"frame frame-default frame-type-text frame-layout-0 frame-background-none frame-no-backgroundimage frame-space-before-none frame-space-after-none\"><div class=\"frame-container\"><div class=\"frame-inner\"><p>KVK Byg og Anl\u00e6g i Slagelse har mange \u00e5rs erfaring med tagarbejde p\u00e5 alle typer huse. Vi kan b\u00e5de udskifte og vedligeholde dit tag. Kontakt os her.<\/p><\/div><\/div><\/div><\/div><\/div><\/div><\/div><\/div>\t\t\t\t\t\t\t\t<\/div>\n\t\t\t\t<\/div>\n\t\t\t\t<\/div>\n\t\t\t\t\t<\/div>\n\t\t\t\t<\/div>\n\t\t<div class=\"elementor-element elementor-element-f5e4e10 e-flex e-con-boxed e-con e-parent\" data-id=\"f5e4e10\" data-element_type=\"container\">\n\t\t\t\t\t<div class=\"e-con-inner\">\n\t\t<div class=\"elementor-element elementor-element-d412823 e-con-full e-flex e-con e-child\" data-id=\"d412823\" data-element_type=\"container\">\n\t\t\t\t<div class=\"elementor-element elementor-element-d032c9e elementor-widget elementor-widget-heading\" data-id=\"d032c9e\" data-element_type=\"widget\" data-widget_type=\"heading.default\">\n\t\t\t\t<div class=\"elementor-widget-container\">\n\t\t\t\t\t<h2 class=\"elementor-heading-title elementor-size-default\">TAGARBEJDE<\/h2>\t\t\t\t<\/div>\n\t\t\t\t<\/div>\n\t\t\t\t<div class=\"elementor-element elementor-element-f34449e elementor-widget elementor-widget-text-editor\" data-id=\"f34449e\" data-element_type=\"widget\" data-widget_type=\"text-editor.default\">\n\t\t\t\t<div class=\"elementor-widget-container\">\n\t\t\t\t\t\t\t\t\t<p>Det danske vejr er h\u00e5rdt ved din bolig. S\u00e6rligt taget er udsat og kr\u00e6ver derfor l\u00f8bende vedligeholdelse.<\/p><p>KVK Byg og Anl\u00e6g ApS har mange \u00e5rs erfaring med tagarbejde p\u00e5 alle typer huse.<\/p><p>Brug vores erfaring, n\u00e5r du skal v\u00e6lge ny tagd\u00e6kning. Vi tilbyder en grundig r\u00e5dgivning, s\u00e5 resultatet st\u00e5r godt til resten af huset.\u200b\u200b<\/p>\t\t\t\t\t\t\t\t<\/div>\n\t\t\t\t<\/div>\n\t\t\t\t<div class=\"elementor-element elementor-element-27ef800 elementor-widget elementor-widget-heading\" data-id=\"27ef800\" data-element_type=\"widget\" data-widget_type=\"heading.default\">\n\t\t\t\t<div class=\"elementor-widget-container\">\n\t\t\t\t\t<h3 class=\"elementor-heading-title elementor-size-default\">Vi udf\u00f8rer tagreparationer\n<\/h3>\t\t\t\t<\/div>\n\t\t\t\t<\/div>\n\t\t\t\t<div class=\"elementor-element elementor-element-bd56acd elementor-widget elementor-widget-text-editor\" data-id=\"bd56acd\" data-element_type=\"widget\" data-widget_type=\"text-editor.default\">\n\t\t\t\t<div class=\"elementor-widget-container\">\n\t\t\t\t\t\t\t\t\t<p>\u200bEr det skorsten eller kviste, der tr\u00e6nger til en k\u00e6rlig h\u00e5nd, stiller vi ogs\u00e5 vores dygtige h\u00e5ndv\u00e6rkere til r\u00e5dighed. KVK Byg og Anl\u00e6g ApS udf\u00f8rer sm\u00e5 som store tagreparationer, der holder.<\/p><p><a href=\"https:\/\/kvkbyg.dk\/kontakt\" target=\"_self\">Ring til os<\/a>\u00a0og f\u00e5 et uforpligtende tilbud p\u00e5 tagarbejde.\u200b\u200b\u200b<\/p>\t\t\t\t\t\t\t\t<\/div>\n\t\t\t\t<\/div>\n\t\t\t\t<\/div>\n\t\t<div class=\"elementor-element elementor-element-d358409 e-con-full e-flex e-con e-child\" data-id=\"d358409\" data-element_type=\"container\">\n\t\t\t\t<div class=\"elementor-element elementor-element-87ef21d elementor-widget elementor-widget-image\" data-id=\"87ef21d\" data-element_type=\"widget\" data-widget_type=\"image.default\">\n\t\t\t\t<div class=\"elementor-widget-container\">\n\t\t\t\t\t\t\t\t\t\t\t\t\t\t\t<img fetchpriority=\"high\" decoding=\"async\" width=\"470\" height=\"503\" src=\"https:\/\/kvk.newsite.side-walk.dk\/wp-content\/uploads\/2025\/06\/tagarbejde_85.jpg\" class=\"attachment-large size-large wp-image-180\" alt=\"\" srcset=\"https:\/\/kvk.newsite.side-walk.dk\/wp-content\/uploads\/2025\/06\/tagarbejde_85.jpg 470w, https:\/\/kvk.newsite.side-walk.dk\/wp-content\/uploads\/2025\/06\/tagarbejde_85-280x300.jpg 280w\" sizes=\"(max-width: 470px) 100vw, 470px\" \/>\t\t\t\t\t\t\t\t\t\t\t\t\t\t\t<\/div>\n\t\t\t\t<\/div>\n\t\t\t\t<\/div>\n\t\t\t\t\t<\/div>\n\t\t\t\t<\/div>\n\t\t\t\t<\/div>\n\t\t","protected":false},"excerpt":{"rendered":"<p>Vi tager imod alle opgaver inden for tagarbejde KVK Byg og Anl\u00e6g i Slagelse har mange \u00e5rs erfaring med tagarbejde p\u00e5 alle typer huse. Vi kan b\u00e5de udskifte og vedligeholde dit tag. Kontakt os her. TAGARBEJDE Det danske vejr er h\u00e5rdt ved din bolig. S\u00e6rligt taget er udsat og kr\u00e6ver derfor l\u00f8bende vedligeholdelse. KVK Byg [&hellip;]<\/p>\n","protected":false},"author":1,"featured_media":0,"parent":31,"menu_order":0,"comment_status":"closed","ping_status":"closed","template":"elementor_header_footer","meta":{"_acf_changed":false,"footnotes":""},"class_list":["post-174","page","type-page","status-publish","hentry"],"acf":[],"yoast_head":"<!-- This site is optimized with the Yoast SEO plugin v25.4 - https:\/\/yoast.com\/wordpress\/plugins\/seo\/ -->\n<title>Tagarbejde i Slagelse - KVK Byg og Anl\u00e6g ApS - KVKbyg.dk<\/title>\n<meta name=\"description\" content=\"KVK Byg og Anl\u00e6g i Slagelse har mange \u00e5rs erfaring med tagarbejde p\u00e5 alle typer huse. Vi kan b\u00e5de udskifte og vedligeholde dit tag. Kontakt os her.\" \/>\n<meta name=\"robots\" content=\"noindex, follow, max-snippet:-1, max-image-preview:large, max-video-preview:-1\" \/>\n<meta property=\"og:locale\" content=\"da_DK\" \/>\n<meta property=\"og:type\" content=\"article\" \/>\n<meta property=\"og:title\" content=\"Tagarbejde i Slagelse - KVK Byg og Anl\u00e6g ApS - KVKbyg.dk\" \/>\n<meta property=\"og:description\" content=\"KVK Byg og Anl\u00e6g i Slagelse har mange \u00e5rs erfaring med tagarbejde p\u00e5 alle typer huse. Vi kan b\u00e5de udskifte og vedligeholde dit tag. Kontakt os her.\" \/>\n<meta property=\"og:url\" content=\"https:\/\/kvk.newsite.side-walk.dk\/?page_id=174\" \/>\n<meta property=\"og:site_name\" content=\"Kvk byg\" \/>\n<meta property=\"article:modified_time\" content=\"2025-07-02T06:48:54+00:00\" \/>\n<meta property=\"og:image\" content=\"https:\/\/kvk.newsite.side-walk.dk\/wp-content\/uploads\/2025\/06\/tagarbejde_85.jpg\" \/>\n\t<meta property=\"og:image:width\" content=\"470\" \/>\n\t<meta property=\"og:image:height\" content=\"503\" \/>\n\t<meta property=\"og:image:type\" content=\"image\/jpeg\" \/>\n<meta name=\"twitter:card\" content=\"summary_large_image\" \/>\n<meta name=\"twitter:label1\" content=\"Estimeret l\u00e6setid\" \/>\n\t<meta name=\"twitter:data1\" content=\"1 minut\" \/>\n<script type=\"application\/ld+json\" class=\"yoast-schema-graph\">{\"@context\":\"https:\/\/schema.org\",\"@graph\":[{\"@type\":\"WebPage\",\"@id\":\"https:\/\/kvk.newsite.side-walk.dk\/?page_id=174\",\"url\":\"https:\/\/kvk.newsite.side-walk.dk\/?page_id=174\",\"name\":\"Tagarbejde i Slagelse - KVK Byg og Anl\u00e6g ApS - KVKbyg.dk\",\"isPartOf\":{\"@id\":\"https:\/\/kvk.newsite.side-walk.dk\/#website\"},\"primaryImageOfPage\":{\"@id\":\"https:\/\/kvk.newsite.side-walk.dk\/?page_id=174#primaryimage\"},\"image\":{\"@id\":\"https:\/\/kvk.newsite.side-walk.dk\/?page_id=174#primaryimage\"},\"thumbnailUrl\":\"https:\/\/kvk.newsite.side-walk.dk\/wp-content\/uploads\/2025\/06\/tagarbejde_85.jpg\",\"datePublished\":\"2025-06-24T06:50:58+00:00\",\"dateModified\":\"2025-07-02T06:48:54+00:00\",\"description\":\"KVK Byg og Anl\u00e6g i Slagelse har mange \u00e5rs erfaring med tagarbejde p\u00e5 alle typer huse. Vi kan b\u00e5de udskifte og vedligeholde dit tag. Kontakt os her.\",\"breadcrumb\":{\"@id\":\"https:\/\/kvk.newsite.side-walk.dk\/?page_id=174#breadcrumb\"},\"inLanguage\":\"da-DK\",\"potentialAction\":[{\"@type\":\"ReadAction\",\"target\":[\"https:\/\/kvk.newsite.side-walk.dk\/?page_id=174\"]}]},{\"@type\":\"ImageObject\",\"inLanguage\":\"da-DK\",\"@id\":\"https:\/\/kvk.newsite.side-walk.dk\/?page_id=174#primaryimage\",\"url\":\"https:\/\/kvk.newsite.side-walk.dk\/wp-content\/uploads\/2025\/06\/tagarbejde_85.jpg\",\"contentUrl\":\"https:\/\/kvk.newsite.side-walk.dk\/wp-content\/uploads\/2025\/06\/tagarbejde_85.jpg\",\"width\":470,\"height\":503},{\"@type\":\"BreadcrumbList\",\"@id\":\"https:\/\/kvk.newsite.side-walk.dk\/?page_id=174#breadcrumb\",\"itemListElement\":[{\"@type\":\"ListItem\",\"position\":1,\"name\":\"Hjem\",\"item\":\"https:\/\/kvk.newsite.side-walk.dk\/\"},{\"@type\":\"ListItem\",\"position\":2,\"name\":\"T\u00f8mrerydelser\",\"item\":\"https:\/\/kvk.newsite.side-walk.dk\/?page_id=31\"},{\"@type\":\"ListItem\",\"position\":3,\"name\":\"Tagarbejde\"}]},{\"@type\":\"WebSite\",\"@id\":\"https:\/\/kvk.newsite.side-walk.dk\/#website\",\"url\":\"https:\/\/kvk.newsite.side-walk.dk\/\",\"name\":\"Kvk byg\",\"description\":\"\",\"publisher\":{\"@id\":\"https:\/\/kvk.newsite.side-walk.dk\/#organization\"},\"potentialAction\":[{\"@type\":\"SearchAction\",\"target\":{\"@type\":\"EntryPoint\",\"urlTemplate\":\"https:\/\/kvk.newsite.side-walk.dk\/?s={search_term_string}\"},\"query-input\":{\"@type\":\"PropertyValueSpecification\",\"valueRequired\":true,\"valueName\":\"search_term_string\"}}],\"inLanguage\":\"da-DK\"},{\"@type\":\"Organization\",\"@id\":\"https:\/\/kvk.newsite.side-walk.dk\/#organization\",\"name\":\"Kvk byg\",\"url\":\"https:\/\/kvk.newsite.side-walk.dk\/\",\"logo\":{\"@type\":\"ImageObject\",\"inLanguage\":\"da-DK\",\"@id\":\"https:\/\/kvk.newsite.side-walk.dk\/#\/schema\/logo\/image\/\",\"url\":\"https:\/\/kvk.newsite.side-walk.dk\/wp-content\/uploads\/2025\/06\/Logo.png\",\"contentUrl\":\"https:\/\/kvk.newsite.side-walk.dk\/wp-content\/uploads\/2025\/06\/Logo.png\",\"width\":119,\"height\":108,\"caption\":\"Kvk byg\"},\"image\":{\"@id\":\"https:\/\/kvk.newsite.side-walk.dk\/#\/schema\/logo\/image\/\"}}]}<\/script>\n<!-- \/ Yoast SEO plugin. -->","yoast_head_json":{"title":"Tagarbejde i Slagelse - KVK Byg og Anl\u00e6g ApS - KVKbyg.dk","description":"KVK Byg og Anl\u00e6g i Slagelse har mange \u00e5rs erfaring med tagarbejde p\u00e5 alle typer huse. Vi kan b\u00e5de udskifte og vedligeholde dit tag. Kontakt os her.","robots":{"index":"noindex","follow":"follow","max-snippet":"max-snippet:-1","max-image-preview":"max-image-preview:large","max-video-preview":"max-video-preview:-1"},"og_locale":"da_DK","og_type":"article","og_title":"Tagarbejde i Slagelse - KVK Byg og Anl\u00e6g ApS - KVKbyg.dk","og_description":"KVK Byg og Anl\u00e6g i Slagelse har mange \u00e5rs erfaring med tagarbejde p\u00e5 alle typer huse. Vi kan b\u00e5de udskifte og vedligeholde dit tag. Kontakt os her.","og_url":"https:\/\/kvk.newsite.side-walk.dk\/?page_id=174","og_site_name":"Kvk byg","article_modified_time":"2025-07-02T06:48:54+00:00","og_image":[{"width":470,"height":503,"url":"https:\/\/kvk.newsite.side-walk.dk\/wp-content\/uploads\/2025\/06\/tagarbejde_85.jpg","type":"image\/jpeg"}],"twitter_card":"summary_large_image","twitter_misc":{"Estimeret l\u00e6setid":"1 minut"},"schema":{"@context":"https:\/\/schema.org","@graph":[{"@type":"WebPage","@id":"https:\/\/kvk.newsite.side-walk.dk\/?page_id=174","url":"https:\/\/kvk.newsite.side-walk.dk\/?page_id=174","name":"Tagarbejde i Slagelse - KVK Byg og Anl\u00e6g ApS - KVKbyg.dk","isPartOf":{"@id":"https:\/\/kvk.newsite.side-walk.dk\/#website"},"primaryImageOfPage":{"@id":"https:\/\/kvk.newsite.side-walk.dk\/?page_id=174#primaryimage"},"image":{"@id":"https:\/\/kvk.newsite.side-walk.dk\/?page_id=174#primaryimage"},"thumbnailUrl":"https:\/\/kvk.newsite.side-walk.dk\/wp-content\/uploads\/2025\/06\/tagarbejde_85.jpg","datePublished":"2025-06-24T06:50:58+00:00","dateModified":"2025-07-02T06:48:54+00:00","description":"KVK Byg og Anl\u00e6g i Slagelse har mange \u00e5rs erfaring med tagarbejde p\u00e5 alle typer huse. Vi kan b\u00e5de udskifte og vedligeholde dit tag. Kontakt os her.","breadcrumb":{"@id":"https:\/\/kvk.newsite.side-walk.dk\/?page_id=174#breadcrumb"},"inLanguage":"da-DK","potentialAction":[{"@type":"ReadAction","target":["https:\/\/kvk.newsite.side-walk.dk\/?page_id=174"]}]},{"@type":"ImageObject","inLanguage":"da-DK","@id":"https:\/\/kvk.newsite.side-walk.dk\/?page_id=174#primaryimage","url":"https:\/\/kvk.newsite.side-walk.dk\/wp-content\/uploads\/2025\/06\/tagarbejde_85.jpg","contentUrl":"https:\/\/kvk.newsite.side-walk.dk\/wp-content\/uploads\/2025\/06\/tagarbejde_85.jpg","width":470,"height":503},{"@type":"BreadcrumbList","@id":"https:\/\/kvk.newsite.side-walk.dk\/?page_id=174#breadcrumb","itemListElement":[{"@type":"ListItem","position":1,"name":"Hjem","item":"https:\/\/kvk.newsite.side-walk.dk\/"},{"@type":"ListItem","position":2,"name":"T\u00f8mrerydelser","item":"https:\/\/kvk.newsite.side-walk.dk\/?page_id=31"},{"@type":"ListItem","position":3,"name":"Tagarbejde"}]},{"@type":"WebSite","@id":"https:\/\/kvk.newsite.side-walk.dk\/#website","url":"https:\/\/kvk.newsite.side-walk.dk\/","name":"Kvk byg","description":"","publisher":{"@id":"https:\/\/kvk.newsite.side-walk.dk\/#organization"},"potentialAction":[{"@type":"SearchAction","target":{"@type":"EntryPoint","urlTemplate":"https:\/\/kvk.newsite.side-walk.dk\/?s={search_term_string}"},"query-input":{"@type":"PropertyValueSpecification","valueRequired":true,"valueName":"search_term_string"}}],"inLanguage":"da-DK"},{"@type":"Organization","@id":"https:\/\/kvk.newsite.side-walk.dk\/#organization","name":"Kvk byg","url":"https:\/\/kvk.newsite.side-walk.dk\/","logo":{"@type":"ImageObject","inLanguage":"da-DK","@id":"https:\/\/kvk.newsite.side-walk.dk\/#\/schema\/logo\/image\/","url":"https:\/\/kvk.newsite.side-walk.dk\/wp-content\/uploads\/2025\/06\/Logo.png","contentUrl":"https:\/\/kvk.newsite.side-walk.dk\/wp-content\/uploads\/2025\/06\/Logo.png","width":119,"height":108,"caption":"Kvk byg"},"image":{"@id":"https:\/\/kvk.newsite.side-walk.dk\/#\/schema\/logo\/image\/"}}]}},"_links":{"self":[{"href":"https:\/\/kvk.newsite.side-walk.dk\/index.php?rest_route=\/wp\/v2\/pages\/174","targetHints":{"allow":["GET"]}}],"collection":[{"href":"https:\/\/kvk.newsite.side-walk.dk\/index.php?rest_route=\/wp\/v2\/pages"}],"about":[{"href":"https:\/\/kvk.newsite.side-walk.dk\/index.php?rest_route=\/wp\/v2\/types\/page"}],"author":[{"embeddable":true,"href":"https:\/\/kvk.newsite.side-walk.dk\/index.php?rest_route=\/wp\/v2\/users\/1"}],"replies":[{"embeddable":true,"href":"https:\/\/kvk.newsite.side-walk.dk\/index.php?rest_route=%2Fwp%2Fv2%2Fcomments&post=174"}],"version-history":[{"count":5,"href":"https:\/\/kvk.newsite.side-walk.dk\/index.php?rest_route=\/wp\/v2\/pages\/174\/revisions"}],"predecessor-version":[{"id":446,"href":"https:\/\/kvk.newsite.side-walk.dk\/index.php?rest_route=\/wp\/v2\/pages\/174\/revisions\/446"}],"up":[{"embeddable":true,"href":"https:\/\/kvk.newsite.side-walk.dk\/index.php?rest_route=\/wp\/v2\/pages\/31"}],"wp:attachment":[{"href":"https:\/\/kvk.newsite.side-walk.dk\/index.php?rest_route=%2Fwp%2Fv2%2Fmedia&parent=174"}],"curies":[{"name":"wp","href":"https:\/\/api.w.org\/{rel}","templated":true}]}}