{"id":155,"date":"2025-06-24T08:44:02","date_gmt":"2025-06-24T06:44:02","guid":{"rendered":"https:\/\/kvk.newsite.side-walk.dk\/?page_id=155"},"modified":"2025-07-02T08:48:21","modified_gmt":"2025-07-02T06:48:21","slug":"doere-og-vinduer","status":"publish","type":"page","link":"https:\/\/kvk.newsite.side-walk.dk\/?page_id=155","title":{"rendered":"D\u00f8re og vinduer"},"content":{"rendered":"\t\t<div data-elementor-type=\"wp-page\" data-elementor-id=\"155\" class=\"elementor elementor-155\" data-elementor-post-type=\"page\">\n\t\t\t\t<div class=\"elementor-element elementor-element-c77793f e-flex e-con-boxed e-con e-parent\" data-id=\"c77793f\" data-element_type=\"container\" data-settings=\"{&quot;background_background&quot;:&quot;classic&quot;}\">\n\t\t\t\t\t<div class=\"e-con-inner\">\n\t\t<div class=\"elementor-element elementor-element-432910f e-con-full e-flex e-con e-child\" data-id=\"432910f\" data-element_type=\"container\">\n\t\t\t\t<div class=\"elementor-element elementor-element-b7479a6 elementor-widget elementor-widget-heading\" data-id=\"b7479a6\" data-element_type=\"widget\" data-widget_type=\"heading.default\">\n\t\t\t\t<div class=\"elementor-widget-container\">\n\t\t\t\t\t<h1 class=\"elementor-heading-title elementor-size-default\">Vi tager imod<br>\n<span style=\"color:#F1AD44\">alle opgaver<\/span> inden <br>\nfor d\u00f8re og vinduer<\/h1>\t\t\t\t<\/div>\n\t\t\t\t<\/div>\n\t\t\t\t<div class=\"elementor-element elementor-element-4fcd357 elementor-widget__width-initial elementor-widget-tablet__width-inherit elementor-widget-mobile__width-inherit elementor-widget elementor-widget-text-editor\" data-id=\"4fcd357\" data-element_type=\"widget\" data-widget_type=\"text-editor.default\">\n\t\t\t\t<div class=\"elementor-widget-container\">\n\t\t\t\t\t\t\t\t\t<div class=\"subpage-top-left col-lg-6 col-12\"><div id=\"c20\" class=\"frame frame-default frame-type-text frame-layout-0 frame-background-none frame-no-backgroundimage frame-space-before-none frame-space-after-none\"><div class=\"frame-container\"><div class=\"frame-inner\"><div class=\"subpage-top-left col-lg-6 col-12\"><div id=\"c54\" class=\"frame frame-default frame-type-text frame-layout-0 frame-background-none frame-no-backgroundimage frame-space-before-none frame-space-after-none\"><div class=\"frame-container\"><div class=\"frame-inner\"><p>KVK Byg og Anl\u00e6g ApS tilbyder kvalitetsd\u00f8re og vinduer til ethvert hjem \u2013 fra det klassiske til det moderne hjem. Kontakt os i dag for d\u00f8re og vinduer.<\/p><\/div><\/div><\/div><\/div><\/div><\/div><\/div><\/div>\t\t\t\t\t\t\t\t<\/div>\n\t\t\t\t<\/div>\n\t\t\t\t<\/div>\n\t\t\t\t\t<\/div>\n\t\t\t\t<\/div>\n\t\t<div class=\"elementor-element elementor-element-26feb0f e-flex e-con-boxed e-con e-parent\" data-id=\"26feb0f\" data-element_type=\"container\">\n\t\t\t\t\t<div class=\"e-con-inner\">\n\t\t<div class=\"elementor-element elementor-element-1576439 e-con-full e-flex e-con e-child\" data-id=\"1576439\" data-element_type=\"container\">\n\t\t\t\t<div class=\"elementor-element elementor-element-0428361 elementor-widget elementor-widget-heading\" data-id=\"0428361\" data-element_type=\"widget\" data-widget_type=\"heading.default\">\n\t\t\t\t<div class=\"elementor-widget-container\">\n\t\t\t\t\t<h2 class=\"elementor-heading-title elementor-size-default\">D\u00d8RE OG VINDUER<\/h2>\t\t\t\t<\/div>\n\t\t\t\t<\/div>\n\t\t\t\t<div class=\"elementor-element elementor-element-06d39b0 elementor-widget elementor-widget-text-editor\" data-id=\"06d39b0\" data-element_type=\"widget\" data-widget_type=\"text-editor.default\">\n\t\t\t\t<div class=\"elementor-widget-container\">\n\t\t\t\t\t\t\t\t\t<p>\u200bKVK Byg og Anl\u00e6g ApS tilbyder kvalitetsd\u00f8re og vinduer til ethvert hjem \u2013 fra det klassiske til det moderne hjem.<\/p><p>Har du specifikke \u00f8nsker til vinduerne og d\u00f8renes stil s\u00e5 l\u00f8ser vi selvf\u00f8lgelig ogs\u00e5 dette.<\/p>\t\t\t\t\t\t\t\t<\/div>\n\t\t\t\t<\/div>\n\t\t\t\t<div class=\"elementor-element elementor-element-9119539 elementor-widget elementor-widget-heading\" data-id=\"9119539\" data-element_type=\"widget\" data-widget_type=\"heading.default\">\n\t\t\t\t<div class=\"elementor-widget-container\">\n\t\t\t\t\t<h3 class=\"elementor-heading-title elementor-size-default\">Skr\u00e6ddersyet h\u00e5ndv\u00e6rk\n<\/h3>\t\t\t\t<\/div>\n\t\t\t\t<\/div>\n\t\t\t\t<div class=\"elementor-element elementor-element-b2fc757 elementor-widget elementor-widget-text-editor\" data-id=\"b2fc757\" data-element_type=\"widget\" data-widget_type=\"text-editor.default\">\n\t\t\t\t<div class=\"elementor-widget-container\">\n\t\t\t\t\t\t\t\t\t<p>Vi l\u00e6gger stor v\u00e6gt p\u00e5, at vores h\u00e5ndv\u00e6rk passer godt til husets arkitektur, s\u00e5 du f\u00e5r en flot ny facade, s\u00e5 huset vises fra sin bedste side.\u200b\u200b<\/p><p>Tr\u00e6nger de gamle indvendige og udvendige tr\u00e6vinduer til en k\u00e6rlig h\u00e5nd, vil vi naturligvis ogs\u00e5 gerne klare dette.<\/p><p>Hos t\u00f8mrerfirmaet KVK Byg st\u00e5r vi klar med gode r\u00e5d til vedligeholdelse af dine vinduer, s\u00e5 din facade kan st\u00e5 i mod vinterens regn og rusk. Du er meget velkommen til at\u00a0<a href=\"https:\/\/kvkbyg.dk\/kontakt\" target=\"_self\">ringe til os<\/a>\u00a0og f\u00e5 et godt r\u00e5d med p\u00e5 vejen.<\/p>\t\t\t\t\t\t\t\t<\/div>\n\t\t\t\t<\/div>\n\t\t\t\t<\/div>\n\t\t<div class=\"elementor-element elementor-element-15f9b24 e-con-full e-flex e-con e-child\" data-id=\"15f9b24\" data-element_type=\"container\">\n\t\t\t\t<div class=\"elementor-element elementor-element-5f370e1 elementor-widget elementor-widget-image\" data-id=\"5f370e1\" data-element_type=\"widget\" data-widget_type=\"image.default\">\n\t\t\t\t<div class=\"elementor-widget-container\">\n\t\t\t\t\t\t\t\t\t\t\t\t\t\t\t<img fetchpriority=\"high\" decoding=\"async\" width=\"470\" height=\"503\" src=\"https:\/\/kvk.newsite.side-walk.dk\/wp-content\/uploads\/2025\/06\/doere-vinduer_75.jpg\" class=\"attachment-large size-large wp-image-164\" alt=\"\" srcset=\"https:\/\/kvk.newsite.side-walk.dk\/wp-content\/uploads\/2025\/06\/doere-vinduer_75.jpg 470w, https:\/\/kvk.newsite.side-walk.dk\/wp-content\/uploads\/2025\/06\/doere-vinduer_75-280x300.jpg 280w\" sizes=\"(max-width: 470px) 100vw, 470px\" \/>\t\t\t\t\t\t\t\t\t\t\t\t\t\t\t<\/div>\n\t\t\t\t<\/div>\n\t\t\t\t<\/div>\n\t\t\t\t\t<\/div>\n\t\t\t\t<\/div>\n\t\t\t\t<\/div>\n\t\t","protected":false},"excerpt":{"rendered":"<p>Vi tager imod alle opgaver inden for d\u00f8re og vinduer KVK Byg og Anl\u00e6g ApS tilbyder kvalitetsd\u00f8re og vinduer til ethvert hjem \u2013 fra det klassiske til det moderne hjem. Kontakt os i dag for d\u00f8re og vinduer. D\u00d8RE OG VINDUER \u200bKVK Byg og Anl\u00e6g ApS tilbyder kvalitetsd\u00f8re og vinduer til ethvert hjem \u2013 fra [&hellip;]<\/p>\n","protected":false},"author":1,"featured_media":0,"parent":31,"menu_order":0,"comment_status":"closed","ping_status":"closed","template":"elementor_header_footer","meta":{"_acf_changed":false,"footnotes":""},"class_list":["post-155","page","type-page","status-publish","hentry"],"acf":[],"yoast_head":"<!-- This site is optimized with the Yoast SEO plugin v25.4 - https:\/\/yoast.com\/wordpress\/plugins\/seo\/ -->\n<title>D\u00f8re og vinduer i Slagelse | Vi ops\u00e6tter b\u00e5de d\u00f8re og vinduer - KVKbyg.dk<\/title>\n<meta name=\"description\" content=\"KVK Byg og Anl\u00e6g ApS tilbyder kvalitetsd\u00f8re og vinduer til ethvert hjem \u2013 fra det klassiske til det moderne hjem. Kontakt os i dag for d\u00f8re og vinduer.\" \/>\n<meta name=\"robots\" content=\"noindex, follow, max-snippet:-1, max-image-preview:large, max-video-preview:-1\" \/>\n<meta property=\"og:locale\" content=\"da_DK\" \/>\n<meta property=\"og:type\" content=\"article\" \/>\n<meta property=\"og:title\" content=\"D\u00f8re og vinduer i Slagelse | Vi ops\u00e6tter b\u00e5de d\u00f8re og vinduer - KVKbyg.dk\" \/>\n<meta property=\"og:description\" content=\"KVK Byg og Anl\u00e6g ApS tilbyder kvalitetsd\u00f8re og vinduer til ethvert hjem \u2013 fra det klassiske til det moderne hjem. Kontakt os i dag for d\u00f8re og vinduer.\" \/>\n<meta property=\"og:url\" content=\"https:\/\/kvk.newsite.side-walk.dk\/?page_id=155\" \/>\n<meta property=\"og:site_name\" content=\"Kvk byg\" \/>\n<meta property=\"article:modified_time\" content=\"2025-07-02T06:48:21+00:00\" \/>\n<meta property=\"og:image\" content=\"https:\/\/kvk.newsite.side-walk.dk\/wp-content\/uploads\/2025\/06\/doere-vinduer_75.jpg\" \/>\n\t<meta property=\"og:image:width\" content=\"470\" \/>\n\t<meta property=\"og:image:height\" content=\"503\" \/>\n\t<meta property=\"og:image:type\" content=\"image\/jpeg\" \/>\n<meta name=\"twitter:card\" content=\"summary_large_image\" \/>\n<meta name=\"twitter:label1\" content=\"Estimeret l\u00e6setid\" \/>\n\t<meta name=\"twitter:data1\" content=\"2 minutter\" \/>\n<script type=\"application\/ld+json\" class=\"yoast-schema-graph\">{\"@context\":\"https:\/\/schema.org\",\"@graph\":[{\"@type\":\"WebPage\",\"@id\":\"https:\/\/kvk.newsite.side-walk.dk\/?page_id=155\",\"url\":\"https:\/\/kvk.newsite.side-walk.dk\/?page_id=155\",\"name\":\"D\u00f8re og vinduer i Slagelse | Vi ops\u00e6tter b\u00e5de d\u00f8re og vinduer - KVKbyg.dk\",\"isPartOf\":{\"@id\":\"https:\/\/kvk.newsite.side-walk.dk\/#website\"},\"primaryImageOfPage\":{\"@id\":\"https:\/\/kvk.newsite.side-walk.dk\/?page_id=155#primaryimage\"},\"image\":{\"@id\":\"https:\/\/kvk.newsite.side-walk.dk\/?page_id=155#primaryimage\"},\"thumbnailUrl\":\"https:\/\/kvk.newsite.side-walk.dk\/wp-content\/uploads\/2025\/06\/doere-vinduer_75.jpg\",\"datePublished\":\"2025-06-24T06:44:02+00:00\",\"dateModified\":\"2025-07-02T06:48:21+00:00\",\"description\":\"KVK Byg og Anl\u00e6g ApS tilbyder kvalitetsd\u00f8re og vinduer til ethvert hjem \u2013 fra det klassiske til det moderne hjem. Kontakt os i dag for d\u00f8re og vinduer.\",\"breadcrumb\":{\"@id\":\"https:\/\/kvk.newsite.side-walk.dk\/?page_id=155#breadcrumb\"},\"inLanguage\":\"da-DK\",\"potentialAction\":[{\"@type\":\"ReadAction\",\"target\":[\"https:\/\/kvk.newsite.side-walk.dk\/?page_id=155\"]}]},{\"@type\":\"ImageObject\",\"inLanguage\":\"da-DK\",\"@id\":\"https:\/\/kvk.newsite.side-walk.dk\/?page_id=155#primaryimage\",\"url\":\"https:\/\/kvk.newsite.side-walk.dk\/wp-content\/uploads\/2025\/06\/doere-vinduer_75.jpg\",\"contentUrl\":\"https:\/\/kvk.newsite.side-walk.dk\/wp-content\/uploads\/2025\/06\/doere-vinduer_75.jpg\",\"width\":470,\"height\":503},{\"@type\":\"BreadcrumbList\",\"@id\":\"https:\/\/kvk.newsite.side-walk.dk\/?page_id=155#breadcrumb\",\"itemListElement\":[{\"@type\":\"ListItem\",\"position\":1,\"name\":\"Hjem\",\"item\":\"https:\/\/kvk.newsite.side-walk.dk\/\"},{\"@type\":\"ListItem\",\"position\":2,\"name\":\"T\u00f8mrerydelser\",\"item\":\"https:\/\/kvk.newsite.side-walk.dk\/?page_id=31\"},{\"@type\":\"ListItem\",\"position\":3,\"name\":\"D\u00f8re og vinduer\"}]},{\"@type\":\"WebSite\",\"@id\":\"https:\/\/kvk.newsite.side-walk.dk\/#website\",\"url\":\"https:\/\/kvk.newsite.side-walk.dk\/\",\"name\":\"Kvk byg\",\"description\":\"\",\"publisher\":{\"@id\":\"https:\/\/kvk.newsite.side-walk.dk\/#organization\"},\"potentialAction\":[{\"@type\":\"SearchAction\",\"target\":{\"@type\":\"EntryPoint\",\"urlTemplate\":\"https:\/\/kvk.newsite.side-walk.dk\/?s={search_term_string}\"},\"query-input\":{\"@type\":\"PropertyValueSpecification\",\"valueRequired\":true,\"valueName\":\"search_term_string\"}}],\"inLanguage\":\"da-DK\"},{\"@type\":\"Organization\",\"@id\":\"https:\/\/kvk.newsite.side-walk.dk\/#organization\",\"name\":\"Kvk byg\",\"url\":\"https:\/\/kvk.newsite.side-walk.dk\/\",\"logo\":{\"@type\":\"ImageObject\",\"inLanguage\":\"da-DK\",\"@id\":\"https:\/\/kvk.newsite.side-walk.dk\/#\/schema\/logo\/image\/\",\"url\":\"https:\/\/kvk.newsite.side-walk.dk\/wp-content\/uploads\/2025\/06\/Logo.png\",\"contentUrl\":\"https:\/\/kvk.newsite.side-walk.dk\/wp-content\/uploads\/2025\/06\/Logo.png\",\"width\":119,\"height\":108,\"caption\":\"Kvk byg\"},\"image\":{\"@id\":\"https:\/\/kvk.newsite.side-walk.dk\/#\/schema\/logo\/image\/\"}}]}<\/script>\n<!-- \/ Yoast SEO plugin. -->","yoast_head_json":{"title":"D\u00f8re og vinduer i Slagelse | Vi ops\u00e6tter b\u00e5de d\u00f8re og vinduer - KVKbyg.dk","description":"KVK Byg og Anl\u00e6g ApS tilbyder kvalitetsd\u00f8re og vinduer til ethvert hjem \u2013 fra det klassiske til det moderne hjem. Kontakt os i dag for d\u00f8re og vinduer.","robots":{"index":"noindex","follow":"follow","max-snippet":"max-snippet:-1","max-image-preview":"max-image-preview:large","max-video-preview":"max-video-preview:-1"},"og_locale":"da_DK","og_type":"article","og_title":"D\u00f8re og vinduer i Slagelse | Vi ops\u00e6tter b\u00e5de d\u00f8re og vinduer - KVKbyg.dk","og_description":"KVK Byg og Anl\u00e6g ApS tilbyder kvalitetsd\u00f8re og vinduer til ethvert hjem \u2013 fra det klassiske til det moderne hjem. Kontakt os i dag for d\u00f8re og vinduer.","og_url":"https:\/\/kvk.newsite.side-walk.dk\/?page_id=155","og_site_name":"Kvk byg","article_modified_time":"2025-07-02T06:48:21+00:00","og_image":[{"width":470,"height":503,"url":"https:\/\/kvk.newsite.side-walk.dk\/wp-content\/uploads\/2025\/06\/doere-vinduer_75.jpg","type":"image\/jpeg"}],"twitter_card":"summary_large_image","twitter_misc":{"Estimeret l\u00e6setid":"2 minutter"},"schema":{"@context":"https:\/\/schema.org","@graph":[{"@type":"WebPage","@id":"https:\/\/kvk.newsite.side-walk.dk\/?page_id=155","url":"https:\/\/kvk.newsite.side-walk.dk\/?page_id=155","name":"D\u00f8re og vinduer i Slagelse | Vi ops\u00e6tter b\u00e5de d\u00f8re og vinduer - KVKbyg.dk","isPartOf":{"@id":"https:\/\/kvk.newsite.side-walk.dk\/#website"},"primaryImageOfPage":{"@id":"https:\/\/kvk.newsite.side-walk.dk\/?page_id=155#primaryimage"},"image":{"@id":"https:\/\/kvk.newsite.side-walk.dk\/?page_id=155#primaryimage"},"thumbnailUrl":"https:\/\/kvk.newsite.side-walk.dk\/wp-content\/uploads\/2025\/06\/doere-vinduer_75.jpg","datePublished":"2025-06-24T06:44:02+00:00","dateModified":"2025-07-02T06:48:21+00:00","description":"KVK Byg og Anl\u00e6g ApS tilbyder kvalitetsd\u00f8re og vinduer til ethvert hjem \u2013 fra det klassiske til det moderne hjem. Kontakt os i dag for d\u00f8re og vinduer.","breadcrumb":{"@id":"https:\/\/kvk.newsite.side-walk.dk\/?page_id=155#breadcrumb"},"inLanguage":"da-DK","potentialAction":[{"@type":"ReadAction","target":["https:\/\/kvk.newsite.side-walk.dk\/?page_id=155"]}]},{"@type":"ImageObject","inLanguage":"da-DK","@id":"https:\/\/kvk.newsite.side-walk.dk\/?page_id=155#primaryimage","url":"https:\/\/kvk.newsite.side-walk.dk\/wp-content\/uploads\/2025\/06\/doere-vinduer_75.jpg","contentUrl":"https:\/\/kvk.newsite.side-walk.dk\/wp-content\/uploads\/2025\/06\/doere-vinduer_75.jpg","width":470,"height":503},{"@type":"BreadcrumbList","@id":"https:\/\/kvk.newsite.side-walk.dk\/?page_id=155#breadcrumb","itemListElement":[{"@type":"ListItem","position":1,"name":"Hjem","item":"https:\/\/kvk.newsite.side-walk.dk\/"},{"@type":"ListItem","position":2,"name":"T\u00f8mrerydelser","item":"https:\/\/kvk.newsite.side-walk.dk\/?page_id=31"},{"@type":"ListItem","position":3,"name":"D\u00f8re og vinduer"}]},{"@type":"WebSite","@id":"https:\/\/kvk.newsite.side-walk.dk\/#website","url":"https:\/\/kvk.newsite.side-walk.dk\/","name":"Kvk byg","description":"","publisher":{"@id":"https:\/\/kvk.newsite.side-walk.dk\/#organization"},"potentialAction":[{"@type":"SearchAction","target":{"@type":"EntryPoint","urlTemplate":"https:\/\/kvk.newsite.side-walk.dk\/?s={search_term_string}"},"query-input":{"@type":"PropertyValueSpecification","valueRequired":true,"valueName":"search_term_string"}}],"inLanguage":"da-DK"},{"@type":"Organization","@id":"https:\/\/kvk.newsite.side-walk.dk\/#organization","name":"Kvk byg","url":"https:\/\/kvk.newsite.side-walk.dk\/","logo":{"@type":"ImageObject","inLanguage":"da-DK","@id":"https:\/\/kvk.newsite.side-walk.dk\/#\/schema\/logo\/image\/","url":"https:\/\/kvk.newsite.side-walk.dk\/wp-content\/uploads\/2025\/06\/Logo.png","contentUrl":"https:\/\/kvk.newsite.side-walk.dk\/wp-content\/uploads\/2025\/06\/Logo.png","width":119,"height":108,"caption":"Kvk byg"},"image":{"@id":"https:\/\/kvk.newsite.side-walk.dk\/#\/schema\/logo\/image\/"}}]}},"_links":{"self":[{"href":"https:\/\/kvk.newsite.side-walk.dk\/index.php?rest_route=\/wp\/v2\/pages\/155","targetHints":{"allow":["GET"]}}],"collection":[{"href":"https:\/\/kvk.newsite.side-walk.dk\/index.php?rest_route=\/wp\/v2\/pages"}],"about":[{"href":"https:\/\/kvk.newsite.side-walk.dk\/index.php?rest_route=\/wp\/v2\/types\/page"}],"author":[{"embeddable":true,"href":"https:\/\/kvk.newsite.side-walk.dk\/index.php?rest_route=\/wp\/v2\/users\/1"}],"replies":[{"embeddable":true,"href":"https:\/\/kvk.newsite.side-walk.dk\/index.php?rest_route=%2Fwp%2Fv2%2Fcomments&post=155"}],"version-history":[{"count":5,"href":"https:\/\/kvk.newsite.side-walk.dk\/index.php?rest_route=\/wp\/v2\/pages\/155\/revisions"}],"predecessor-version":[{"id":443,"href":"https:\/\/kvk.newsite.side-walk.dk\/index.php?rest_route=\/wp\/v2\/pages\/155\/revisions\/443"}],"up":[{"embeddable":true,"href":"https:\/\/kvk.newsite.side-walk.dk\/index.php?rest_route=\/wp\/v2\/pages\/31"}],"wp:attachment":[{"href":"https:\/\/kvk.newsite.side-walk.dk\/index.php?rest_route=%2Fwp%2Fv2%2Fmedia&parent=155"}],"curies":[{"name":"wp","href":"https:\/\/api.w.org\/{rel}","templated":true}]}}